{"id":55356,"date":"2026-04-23T00:04:18","date_gmt":"2026-04-22T21:04:18","guid":{"rendered":"https:\/\/rezekne.citro.lv\/?post_type=product&#038;p=55356"},"modified":"2026-04-26T06:00:50","modified_gmt":"2026-04-26T03:00:50","slug":"dzeriens-mezezers-dzirkstosais-0-75l","status":"publish","type":"product","link":"https:\/\/rezekne.citro.lv\/ru\/product\/dzeriens-mezezers-dzirkstosais-0-75l\/","title":{"rendered":"DZ\u0112RIENS ME\u017dEZERS DZIRKSTO\u0160AIS 0.75L"},"content":{"rendered":"<p>Izcelsmes valsts: Latvija<\/p>\n","protected":false},"excerpt":{"rendered":"<p>3.85 \u20ac\/L<\/p>\n","protected":false},"featured_media":60236,"template":"","meta":{"_acf_changed":false,"inline_featured_image":false},"product_cat":[106,107],"product_tag":[],"acf":[],"aioseo_notices":[],"_links":{"self":[{"href":"https:\/\/rezekne.citro.lv\/ru\/wp-json\/wp\/v2\/product\/55356"}],"collection":[{"href":"https:\/\/rezekne.citro.lv\/ru\/wp-json\/wp\/v2\/product"}],"about":[{"href":"https:\/\/rezekne.citro.lv\/ru\/wp-json\/wp\/v2\/types\/product"}],"wp:featuredmedia":[{"embeddable":true,"href":"https:\/\/rezekne.citro.lv\/ru\/wp-json\/wp\/v2\/media\/60236"}],"wp:attachment":[{"href":"https:\/\/rezekne.citro.lv\/ru\/wp-json\/wp\/v2\/media?parent=55356"}],"wp:term":[{"taxonomy":"product_cat","embeddable":true,"href":"https:\/\/rezekne.citro.lv\/ru\/wp-json\/wp\/v2\/product_cat?post=55356"},{"taxonomy":"product_tag","embeddable":true,"href":"https:\/\/rezekne.citro.lv\/ru\/wp-json\/wp\/v2\/product_tag?post=55356"}],"curies":[{"name":"wp","href":"https:\/\/api.w.org\/{rel}","templated":true}]}}