{"id":55386,"date":"2026-03-26T01:31:11","date_gmt":"2026-03-25T23:31:11","guid":{"rendered":"https:\/\/rezekne.citro.lv\/?post_type=product&#038;p=55386"},"modified":"2026-04-15T12:01:22","modified_gmt":"2026-04-15T09:01:22","slug":"mineraludens-negazets-neptunas-1-5l","status":"publish","type":"product","link":"https:\/\/rezekne.citro.lv\/ru\/product\/mineraludens-negazets-neptunas-1-5l\/","title":{"rendered":"MINER\u0100L\u016aDENS NEG\u0100Z\u0112TS NEPTUNAS 1.5L"},"content":{"rendered":"<p>Izcelsmes valsts: Lietuva<\/p>\n","protected":false},"excerpt":{"rendered":"<p>0.53 \u20ac\/L<\/p>\n","protected":false},"featured_media":56319,"template":"","meta":{"_acf_changed":false,"inline_featured_image":false},"product_cat":[106,186],"product_tag":[],"acf":[],"aioseo_notices":[],"_links":{"self":[{"href":"https:\/\/rezekne.citro.lv\/ru\/wp-json\/wp\/v2\/product\/55386"}],"collection":[{"href":"https:\/\/rezekne.citro.lv\/ru\/wp-json\/wp\/v2\/product"}],"about":[{"href":"https:\/\/rezekne.citro.lv\/ru\/wp-json\/wp\/v2\/types\/product"}],"wp:featuredmedia":[{"embeddable":true,"href":"https:\/\/rezekne.citro.lv\/ru\/wp-json\/wp\/v2\/media\/56319"}],"wp:attachment":[{"href":"https:\/\/rezekne.citro.lv\/ru\/wp-json\/wp\/v2\/media?parent=55386"}],"wp:term":[{"taxonomy":"product_cat","embeddable":true,"href":"https:\/\/rezekne.citro.lv\/ru\/wp-json\/wp\/v2\/product_cat?post=55386"},{"taxonomy":"product_tag","embeddable":true,"href":"https:\/\/rezekne.citro.lv\/ru\/wp-json\/wp\/v2\/product_tag?post=55386"}],"curies":[{"name":"wp","href":"https:\/\/api.w.org\/{rel}","templated":true}]}}