{"id":55416,"date":"2026-04-23T00:34:38","date_gmt":"2026-04-22T21:34:38","guid":{"rendered":"https:\/\/rezekne.citro.lv\/?post_type=product&#038;p=55416"},"modified":"2026-05-01T06:04:56","modified_gmt":"2026-05-01T03:04:56","slug":"udens-dzeramais-everest-gazets-1-5l","status":"publish","type":"product","link":"https:\/\/rezekne.citro.lv\/ru\/product\/udens-dzeramais-everest-gazets-1-5l\/","title":{"rendered":"\u016aDENS DZERAMAIS EVEREST G\u0100Z\u0112TS 1.5L"},"content":{"rendered":"<p>Izcelsmes valsts: Latvija<\/p>\n","protected":false},"excerpt":{"rendered":"<p>0.43 \u20ac\/L<\/p>\n","protected":false},"featured_media":57103,"template":"","meta":{"_acf_changed":false,"inline_featured_image":false},"product_cat":[106,186],"product_tag":[],"acf":[],"aioseo_notices":[],"_links":{"self":[{"href":"https:\/\/rezekne.citro.lv\/ru\/wp-json\/wp\/v2\/product\/55416"}],"collection":[{"href":"https:\/\/rezekne.citro.lv\/ru\/wp-json\/wp\/v2\/product"}],"about":[{"href":"https:\/\/rezekne.citro.lv\/ru\/wp-json\/wp\/v2\/types\/product"}],"wp:featuredmedia":[{"embeddable":true,"href":"https:\/\/rezekne.citro.lv\/ru\/wp-json\/wp\/v2\/media\/57103"}],"wp:attachment":[{"href":"https:\/\/rezekne.citro.lv\/ru\/wp-json\/wp\/v2\/media?parent=55416"}],"wp:term":[{"taxonomy":"product_cat","embeddable":true,"href":"https:\/\/rezekne.citro.lv\/ru\/wp-json\/wp\/v2\/product_cat?post=55416"},{"taxonomy":"product_tag","embeddable":true,"href":"https:\/\/rezekne.citro.lv\/ru\/wp-json\/wp\/v2\/product_tag?post=55416"}],"curies":[{"name":"wp","href":"https:\/\/api.w.org\/{rel}","templated":true}]}}