{"id":55428,"date":"2026-04-23T00:31:46","date_gmt":"2026-04-22T21:31:46","guid":{"rendered":"https:\/\/rezekne.citro.lv\/veikals\/sula-sadocok-tomatu-ar-sali-950ml\/"},"modified":"2026-04-23T06:03:30","modified_gmt":"2026-04-23T03:03:30","slug":"nektars-tomatu-sadocok-ar-mikst-950ml","status":"publish","type":"product","link":"https:\/\/rezekne.citro.lv\/ru\/product\/nektars-tomatu-sadocok-ar-mikst-950ml\/","title":{"rendered":"NEKT\u0100RS TOM\u0100TU SADO\u010cOK AR M\u012aKST.950ML"},"content":{"rendered":"","protected":false},"excerpt":{"rendered":"<p>2.09 \u20ac\/L<\/p>\n","protected":false},"featured_media":55497,"template":"","meta":{"_acf_changed":false,"inline_featured_image":false},"product_cat":[106,124],"product_tag":[],"acf":[],"aioseo_notices":[],"_links":{"self":[{"href":"https:\/\/rezekne.citro.lv\/ru\/wp-json\/wp\/v2\/product\/55428"}],"collection":[{"href":"https:\/\/rezekne.citro.lv\/ru\/wp-json\/wp\/v2\/product"}],"about":[{"href":"https:\/\/rezekne.citro.lv\/ru\/wp-json\/wp\/v2\/types\/product"}],"wp:featuredmedia":[{"embeddable":true,"href":"https:\/\/rezekne.citro.lv\/ru\/wp-json\/wp\/v2\/media\/55497"}],"wp:attachment":[{"href":"https:\/\/rezekne.citro.lv\/ru\/wp-json\/wp\/v2\/media?parent=55428"}],"wp:term":[{"taxonomy":"product_cat","embeddable":true,"href":"https:\/\/rezekne.citro.lv\/ru\/wp-json\/wp\/v2\/product_cat?post=55428"},{"taxonomy":"product_tag","embeddable":true,"href":"https:\/\/rezekne.citro.lv\/ru\/wp-json\/wp\/v2\/product_tag?post=55428"}],"curies":[{"name":"wp","href":"https:\/\/api.w.org\/{rel}","templated":true}]}}