{"id":55429,"date":"2025-07-10T12:01:29","date_gmt":"2025-07-10T09:01:29","guid":{"rendered":"https:\/\/rezekne.citro.lv\/veikals\/mikroskiedras-drana-vileda-actifibre-1gab\/"},"modified":"2025-07-10T12:01:34","modified_gmt":"2025-07-10T09:01:34","slug":"mikroskiedras-drana-vileda-actifibre-1gab","status":"publish","type":"product","link":"https:\/\/rezekne.citro.lv\/ru\/product\/mikroskiedras-drana-vileda-actifibre-1gab\/","title":{"rendered":"MIKRO\u0160\u0136IEDRAS DR\u0100NA VILEDA ACTIFIBRE 1GAB."},"content":{"rendered":"","protected":false},"excerpt":{"rendered":"","protected":false},"featured_media":55496,"template":"","meta":{"_acf_changed":false,"inline_featured_image":false},"product_cat":[131,132],"product_tag":[],"acf":[],"aioseo_notices":[],"_links":{"self":[{"href":"https:\/\/rezekne.citro.lv\/ru\/wp-json\/wp\/v2\/product\/55429"}],"collection":[{"href":"https:\/\/rezekne.citro.lv\/ru\/wp-json\/wp\/v2\/product"}],"about":[{"href":"https:\/\/rezekne.citro.lv\/ru\/wp-json\/wp\/v2\/types\/product"}],"wp:featuredmedia":[{"embeddable":true,"href":"https:\/\/rezekne.citro.lv\/ru\/wp-json\/wp\/v2\/media\/55496"}],"wp:attachment":[{"href":"https:\/\/rezekne.citro.lv\/ru\/wp-json\/wp\/v2\/media?parent=55429"}],"wp:term":[{"taxonomy":"product_cat","embeddable":true,"href":"https:\/\/rezekne.citro.lv\/ru\/wp-json\/wp\/v2\/product_cat?post=55429"},{"taxonomy":"product_tag","embeddable":true,"href":"https:\/\/rezekne.citro.lv\/ru\/wp-json\/wp\/v2\/product_tag?post=55429"}],"curies":[{"name":"wp","href":"https:\/\/api.w.org\/{rel}","templated":true}]}}