{"id":55433,"date":"2026-04-23T00:34:46","date_gmt":"2026-04-22T21:34:46","guid":{"rendered":"https:\/\/rezekne.citro.lv\/veikals\/galetes-racio-kukuruzas-placenisi-ar-juras-sali-115g\/"},"modified":"2026-05-15T06:04:05","modified_gmt":"2026-05-15T03:04:05","slug":"galetes-racio-kukuruzas-placenisi-ar-juras-sali-115g","status":"publish","type":"product","link":"https:\/\/rezekne.citro.lv\/ru\/product\/galetes-racio-kukuruzas-placenisi-ar-juras-sali-115g\/","title":{"rendered":"GALETES RACIO KUKUR\u016aZAS PL\u0100CEN\u012a\u0160I AR J\u016aRAS S\u0100LI 115G"},"content":{"rendered":"<p>Izcelsmes valsts: \u010cehija<\/p>\n","protected":false},"excerpt":{"rendered":"<p>9.92 \u20ac\/KG<\/p>\n","protected":false},"featured_media":3216,"template":"","meta":{"_acf_changed":false,"inline_featured_image":false},"product_cat":[215,563],"product_tag":[],"acf":[],"aioseo_notices":[],"_links":{"self":[{"href":"https:\/\/rezekne.citro.lv\/ru\/wp-json\/wp\/v2\/product\/55433"}],"collection":[{"href":"https:\/\/rezekne.citro.lv\/ru\/wp-json\/wp\/v2\/product"}],"about":[{"href":"https:\/\/rezekne.citro.lv\/ru\/wp-json\/wp\/v2\/types\/product"}],"wp:featuredmedia":[{"embeddable":true,"href":"https:\/\/rezekne.citro.lv\/ru\/wp-json\/wp\/v2\/media\/3216"}],"wp:attachment":[{"href":"https:\/\/rezekne.citro.lv\/ru\/wp-json\/wp\/v2\/media?parent=55433"}],"wp:term":[{"taxonomy":"product_cat","embeddable":true,"href":"https:\/\/rezekne.citro.lv\/ru\/wp-json\/wp\/v2\/product_cat?post=55433"},{"taxonomy":"product_tag","embeddable":true,"href":"https:\/\/rezekne.citro.lv\/ru\/wp-json\/wp\/v2\/product_tag?post=55433"}],"curies":[{"name":"wp","href":"https:\/\/api.w.org\/{rel}","templated":true}]}}