{"id":55444,"date":"2026-03-26T00:33:30","date_gmt":"2026-03-25T22:33:30","guid":{"rendered":"https:\/\/rezekne.citro.lv\/veikals\/olivella-borges-extra-virgin-750ml\/"},"modified":"2026-03-26T00:33:36","modified_gmt":"2026-03-25T22:33:36","slug":"olivella-borges-extra-virgin-750ml","status":"publish","type":"product","link":"https:\/\/rezekne.citro.lv\/ru\/product\/olivella-borges-extra-virgin-750ml\/","title":{"rendered":"OL\u012aVE\u013b\u013bA BORGES EXTRA VIRGIN 750ML"},"content":{"rendered":"<p>Izcelsmes valsts: Sp\u0101nija<\/p>\n","protected":false},"excerpt":{"rendered":"<p>22.39 \u20ac\/L<\/p>\n","protected":false},"featured_media":55513,"template":"","meta":{"_acf_changed":false,"inline_featured_image":false},"product_cat":[116,164],"product_tag":[],"acf":[],"aioseo_notices":[],"_links":{"self":[{"href":"https:\/\/rezekne.citro.lv\/ru\/wp-json\/wp\/v2\/product\/55444"}],"collection":[{"href":"https:\/\/rezekne.citro.lv\/ru\/wp-json\/wp\/v2\/product"}],"about":[{"href":"https:\/\/rezekne.citro.lv\/ru\/wp-json\/wp\/v2\/types\/product"}],"wp:featuredmedia":[{"embeddable":true,"href":"https:\/\/rezekne.citro.lv\/ru\/wp-json\/wp\/v2\/media\/55513"}],"wp:attachment":[{"href":"https:\/\/rezekne.citro.lv\/ru\/wp-json\/wp\/v2\/media?parent=55444"}],"wp:term":[{"taxonomy":"product_cat","embeddable":true,"href":"https:\/\/rezekne.citro.lv\/ru\/wp-json\/wp\/v2\/product_cat?post=55444"},{"taxonomy":"product_tag","embeddable":true,"href":"https:\/\/rezekne.citro.lv\/ru\/wp-json\/wp\/v2\/product_tag?post=55444"}],"curies":[{"name":"wp","href":"https:\/\/api.w.org\/{rel}","templated":true}]}}