{"id":55457,"date":"2026-03-12T00:05:29","date_gmt":"2026-03-11T22:05:29","guid":{"rendered":"https:\/\/rezekne.citro.lv\/veikals\/jogurta-dzeriens-super-brokastis-ar-mango-un-cia-seklam-700g\/"},"modified":"2026-04-23T06:04:30","modified_gmt":"2026-04-23T03:04:30","slug":"jogurta-dzeriens-super-brokastis-ar-mango-un-cia-seklam-700g","status":"publish","type":"product","link":"https:\/\/rezekne.citro.lv\/ru\/product\/jogurta-dzeriens-super-brokastis-ar-mango-un-cia-seklam-700g\/","title":{"rendered":"JOGURTA DZ\u0112RIENS SUPER BROKASTIS AR MANGO UN \u010cIA S\u0112KL\u0100M 700G"},"content":{"rendered":"<p>Izcelsmes valsts: Latvija<\/p>\n","protected":false},"excerpt":{"rendered":"<p>3.07 \u20ac\/KG<\/p>\n","protected":false},"featured_media":55524,"template":"","meta":{"_acf_changed":false,"inline_featured_image":false},"product_cat":[95,100],"product_tag":[],"acf":[],"aioseo_notices":[],"_links":{"self":[{"href":"https:\/\/rezekne.citro.lv\/ru\/wp-json\/wp\/v2\/product\/55457"}],"collection":[{"href":"https:\/\/rezekne.citro.lv\/ru\/wp-json\/wp\/v2\/product"}],"about":[{"href":"https:\/\/rezekne.citro.lv\/ru\/wp-json\/wp\/v2\/types\/product"}],"wp:featuredmedia":[{"embeddable":true,"href":"https:\/\/rezekne.citro.lv\/ru\/wp-json\/wp\/v2\/media\/55524"}],"wp:attachment":[{"href":"https:\/\/rezekne.citro.lv\/ru\/wp-json\/wp\/v2\/media?parent=55457"}],"wp:term":[{"taxonomy":"product_cat","embeddable":true,"href":"https:\/\/rezekne.citro.lv\/ru\/wp-json\/wp\/v2\/product_cat?post=55457"},{"taxonomy":"product_tag","embeddable":true,"href":"https:\/\/rezekne.citro.lv\/ru\/wp-json\/wp\/v2\/product_tag?post=55457"}],"curies":[{"name":"wp","href":"https:\/\/api.w.org\/{rel}","templated":true}]}}