{"id":55464,"date":"2026-02-26T00:31:56","date_gmt":"2026-02-25T22:31:56","guid":{"rendered":"https:\/\/rezekne.citro.lv\/veikals\/batonins-zott-monte-snack-29g\/"},"modified":"2026-05-14T06:04:46","modified_gmt":"2026-05-14T03:04:46","slug":"batonins-zott-monte-snack-29g","status":"publish","type":"product","link":"https:\/\/rezekne.citro.lv\/ru\/product\/batonins-zott-monte-snack-29g\/","title":{"rendered":"BATONI\u0145\u0160 ZOTT MONTE SNACK 29G"},"content":{"rendered":"<p>Izcelsmes valsts: V\u0101cija<\/p>\n","protected":false},"excerpt":{"rendered":"<p>23.79 \u20ac\/KG<\/p>\n","protected":false},"featured_media":55535,"template":"","meta":{"_acf_changed":false,"inline_featured_image":false},"product_cat":[95,188],"product_tag":[],"acf":[],"aioseo_notices":[],"_links":{"self":[{"href":"https:\/\/rezekne.citro.lv\/ru\/wp-json\/wp\/v2\/product\/55464"}],"collection":[{"href":"https:\/\/rezekne.citro.lv\/ru\/wp-json\/wp\/v2\/product"}],"about":[{"href":"https:\/\/rezekne.citro.lv\/ru\/wp-json\/wp\/v2\/types\/product"}],"wp:featuredmedia":[{"embeddable":true,"href":"https:\/\/rezekne.citro.lv\/ru\/wp-json\/wp\/v2\/media\/55535"}],"wp:attachment":[{"href":"https:\/\/rezekne.citro.lv\/ru\/wp-json\/wp\/v2\/media?parent=55464"}],"wp:term":[{"taxonomy":"product_cat","embeddable":true,"href":"https:\/\/rezekne.citro.lv\/ru\/wp-json\/wp\/v2\/product_cat?post=55464"},{"taxonomy":"product_tag","embeddable":true,"href":"https:\/\/rezekne.citro.lv\/ru\/wp-json\/wp\/v2\/product_tag?post=55464"}],"curies":[{"name":"wp","href":"https:\/\/api.w.org\/{rel}","templated":true}]}}