{"id":55634,"date":"2026-02-26T00:31:13","date_gmt":"2026-02-25T22:31:13","guid":{"rendered":"https:\/\/rezekne.citro.lv\/?post_type=product&#038;p=55634"},"modified":"2026-05-13T06:03:38","modified_gmt":"2026-05-13T03:03:38","slug":"udens-lielbata-gazets-1-5l-pet","status":"publish","type":"product","link":"https:\/\/rezekne.citro.lv\/ru\/product\/udens-lielbata-gazets-1-5l-pet\/","title":{"rendered":"\u016aDENS LIELB\u0100TA G\u0100Z\u0112TS 1.5L PET"},"content":{"rendered":"<p>Izcelsmes valsts: Latvija<\/p>\n","protected":false},"excerpt":{"rendered":"<p>0.66 \u20ac\/L<\/p>\n","protected":false},"featured_media":56283,"template":"","meta":{"_acf_changed":false,"inline_featured_image":false},"product_cat":[106,186],"product_tag":[],"acf":[],"aioseo_notices":[],"_links":{"self":[{"href":"https:\/\/rezekne.citro.lv\/ru\/wp-json\/wp\/v2\/product\/55634"}],"collection":[{"href":"https:\/\/rezekne.citro.lv\/ru\/wp-json\/wp\/v2\/product"}],"about":[{"href":"https:\/\/rezekne.citro.lv\/ru\/wp-json\/wp\/v2\/types\/product"}],"wp:featuredmedia":[{"embeddable":true,"href":"https:\/\/rezekne.citro.lv\/ru\/wp-json\/wp\/v2\/media\/56283"}],"wp:attachment":[{"href":"https:\/\/rezekne.citro.lv\/ru\/wp-json\/wp\/v2\/media?parent=55634"}],"wp:term":[{"taxonomy":"product_cat","embeddable":true,"href":"https:\/\/rezekne.citro.lv\/ru\/wp-json\/wp\/v2\/product_cat?post=55634"},{"taxonomy":"product_tag","embeddable":true,"href":"https:\/\/rezekne.citro.lv\/ru\/wp-json\/wp\/v2\/product_tag?post=55634"}],"curies":[{"name":"wp","href":"https:\/\/api.w.org\/{rel}","templated":true}]}}