{"id":55638,"date":"2026-01-02T00:31:19","date_gmt":"2026-01-01T22:31:19","guid":{"rendered":"https:\/\/rezekne.citro.lv\/?post_type=product&#038;p=55638"},"modified":"2026-04-04T06:04:27","modified_gmt":"2026-04-04T03:04:27","slug":"berzudens-bezalk-dzeriens-cesu-citr-l-1-5l","status":"publish","type":"product","link":"https:\/\/rezekne.citro.lv\/ru\/product\/berzudens-bezalk-dzeriens-cesu-citr-l-1-5l\/","title":{"rendered":"B\u0112RZ\u016aDENS BEZALK.DZ\u0112RIENS C\u0112SU CITR.&#038;L. 1.5L"},"content":{"rendered":"<p>Izcelsmes valsts: Igaunija<\/p>\n","protected":false},"excerpt":{"rendered":"<p>0.93 \u20ac\/L<\/p>\n","protected":false},"featured_media":56588,"template":"","meta":{"_acf_changed":false,"inline_featured_image":false},"product_cat":[106,186],"product_tag":[],"acf":[],"aioseo_notices":[],"_links":{"self":[{"href":"https:\/\/rezekne.citro.lv\/ru\/wp-json\/wp\/v2\/product\/55638"}],"collection":[{"href":"https:\/\/rezekne.citro.lv\/ru\/wp-json\/wp\/v2\/product"}],"about":[{"href":"https:\/\/rezekne.citro.lv\/ru\/wp-json\/wp\/v2\/types\/product"}],"wp:featuredmedia":[{"embeddable":true,"href":"https:\/\/rezekne.citro.lv\/ru\/wp-json\/wp\/v2\/media\/56588"}],"wp:attachment":[{"href":"https:\/\/rezekne.citro.lv\/ru\/wp-json\/wp\/v2\/media?parent=55638"}],"wp:term":[{"taxonomy":"product_cat","embeddable":true,"href":"https:\/\/rezekne.citro.lv\/ru\/wp-json\/wp\/v2\/product_cat?post=55638"},{"taxonomy":"product_tag","embeddable":true,"href":"https:\/\/rezekne.citro.lv\/ru\/wp-json\/wp\/v2\/product_tag?post=55638"}],"curies":[{"name":"wp","href":"https:\/\/api.w.org\/{rel}","templated":true}]}}