{"id":55654,"date":"2026-03-26T01:04:50","date_gmt":"2026-03-25T23:04:50","guid":{"rendered":"https:\/\/rezekne.citro.lv\/?post_type=product&#038;p=55654"},"modified":"2026-04-04T06:29:18","modified_gmt":"2026-04-04T03:29:18","slug":"energ-dzer-monster-monster-mango-loco-0-5l","status":"publish","type":"product","link":"https:\/\/rezekne.citro.lv\/ru\/product\/energ-dzer-monster-monster-mango-loco-0-5l\/","title":{"rendered":"ENER\u0122.DZ\u0112R. MONSTER MONSTER MANGO LOCO 0.5L"},"content":{"rendered":"<p>Izcelsmes valsts: N\u012bderlande<\/p>\n","protected":false},"excerpt":{"rendered":"<p>2.38 \u20ac\/L<\/p>\n","protected":false},"featured_media":57575,"template":"","meta":{"_acf_changed":false,"inline_featured_image":false},"product_cat":[106,217],"product_tag":[],"acf":[],"aioseo_notices":[],"_links":{"self":[{"href":"https:\/\/rezekne.citro.lv\/ru\/wp-json\/wp\/v2\/product\/55654"}],"collection":[{"href":"https:\/\/rezekne.citro.lv\/ru\/wp-json\/wp\/v2\/product"}],"about":[{"href":"https:\/\/rezekne.citro.lv\/ru\/wp-json\/wp\/v2\/types\/product"}],"wp:featuredmedia":[{"embeddable":true,"href":"https:\/\/rezekne.citro.lv\/ru\/wp-json\/wp\/v2\/media\/57575"}],"wp:attachment":[{"href":"https:\/\/rezekne.citro.lv\/ru\/wp-json\/wp\/v2\/media?parent=55654"}],"wp:term":[{"taxonomy":"product_cat","embeddable":true,"href":"https:\/\/rezekne.citro.lv\/ru\/wp-json\/wp\/v2\/product_cat?post=55654"},{"taxonomy":"product_tag","embeddable":true,"href":"https:\/\/rezekne.citro.lv\/ru\/wp-json\/wp\/v2\/product_tag?post=55654"}],"curies":[{"name":"wp","href":"https:\/\/api.w.org\/{rel}","templated":true}]}}