{"id":55657,"date":"2026-04-23T01:19:23","date_gmt":"2026-04-22T22:19:23","guid":{"rendered":"https:\/\/rezekne.citro.lv\/?post_type=product&#038;p=55657"},"modified":"2026-04-23T01:19:27","modified_gmt":"2026-04-22T22:19:27","slug":"energ-dzer-monster-ultra-paradise-0-5l","status":"publish","type":"product","link":"https:\/\/rezekne.citro.lv\/ru\/product\/energ-dzer-monster-ultra-paradise-0-5l\/","title":{"rendered":"ENER\u0122.DZ\u0112R. MONSTER ULTRA PARADISE 0.5L"},"content":{"rendered":"<p>Izcelsmes valsts: N\u012bderlande<\/p>\n","protected":false},"excerpt":{"rendered":"<p>3.18 \u20ac\/L<\/p>\n","protected":false},"featured_media":58537,"template":"","meta":{"_acf_changed":false,"inline_featured_image":false},"product_cat":[106,217],"product_tag":[],"acf":[],"aioseo_notices":[],"_links":{"self":[{"href":"https:\/\/rezekne.citro.lv\/ru\/wp-json\/wp\/v2\/product\/55657"}],"collection":[{"href":"https:\/\/rezekne.citro.lv\/ru\/wp-json\/wp\/v2\/product"}],"about":[{"href":"https:\/\/rezekne.citro.lv\/ru\/wp-json\/wp\/v2\/types\/product"}],"wp:featuredmedia":[{"embeddable":true,"href":"https:\/\/rezekne.citro.lv\/ru\/wp-json\/wp\/v2\/media\/58537"}],"wp:attachment":[{"href":"https:\/\/rezekne.citro.lv\/ru\/wp-json\/wp\/v2\/media?parent=55657"}],"wp:term":[{"taxonomy":"product_cat","embeddable":true,"href":"https:\/\/rezekne.citro.lv\/ru\/wp-json\/wp\/v2\/product_cat?post=55657"},{"taxonomy":"product_tag","embeddable":true,"href":"https:\/\/rezekne.citro.lv\/ru\/wp-json\/wp\/v2\/product_tag?post=55657"}],"curies":[{"name":"wp","href":"https:\/\/api.w.org\/{rel}","templated":true}]}}