{"id":55660,"date":"2026-04-23T00:04:35","date_gmt":"2026-04-22T21:04:35","guid":{"rendered":"https:\/\/rezekne.citro.lv\/veikals\/cipsi-adazu-ar-siera-garsu-130g\/"},"modified":"2026-04-26T18:00:06","modified_gmt":"2026-04-26T15:00:06","slug":"cipsi-adazu-ar-siera-garsu-130g","status":"publish","type":"product","link":"https:\/\/rezekne.citro.lv\/ru\/product\/cipsi-adazu-ar-siera-garsu-130g\/","title":{"rendered":"\u010cIPSI \u0100DA\u017dU AR SIERA GAR\u0160U 130G"},"content":{"rendered":"<p>Izcelsmes valsts: Latvija<\/p>\n","protected":false},"excerpt":{"rendered":"<p>11.92 \u20ac\/KG<\/p>\n","protected":false},"featured_media":55834,"template":"","meta":{"_acf_changed":false,"inline_featured_image":false},"product_cat":[125,191],"product_tag":[],"acf":[],"aioseo_notices":[],"_links":{"self":[{"href":"https:\/\/rezekne.citro.lv\/ru\/wp-json\/wp\/v2\/product\/55660"}],"collection":[{"href":"https:\/\/rezekne.citro.lv\/ru\/wp-json\/wp\/v2\/product"}],"about":[{"href":"https:\/\/rezekne.citro.lv\/ru\/wp-json\/wp\/v2\/types\/product"}],"wp:featuredmedia":[{"embeddable":true,"href":"https:\/\/rezekne.citro.lv\/ru\/wp-json\/wp\/v2\/media\/55834"}],"wp:attachment":[{"href":"https:\/\/rezekne.citro.lv\/ru\/wp-json\/wp\/v2\/media?parent=55660"}],"wp:term":[{"taxonomy":"product_cat","embeddable":true,"href":"https:\/\/rezekne.citro.lv\/ru\/wp-json\/wp\/v2\/product_cat?post=55660"},{"taxonomy":"product_tag","embeddable":true,"href":"https:\/\/rezekne.citro.lv\/ru\/wp-json\/wp\/v2\/product_tag?post=55660"}],"curies":[{"name":"wp","href":"https:\/\/api.w.org\/{rel}","templated":true}]}}