{"id":55668,"date":"2024-09-19T00:10:48","date_gmt":"2024-09-18T21:10:48","guid":{"rendered":"https:\/\/rezekne.citro.lv\/?post_type=product&#038;p=55668"},"modified":"2026-02-26T06:00:34","modified_gmt":"2026-02-26T04:00:34","slug":"limonade-zemenu-garsu-0-5l-cesu-alus","status":"publish","type":"product","link":"https:\/\/rezekne.citro.lv\/ru\/product\/limonade-zemenu-garsu-0-5l-cesu-alus\/","title":{"rendered":"LIMON\u0100DE ZEME\u0145U GAR\u0160U 0.5L C\u0112SU ALUS"},"content":{"rendered":"<p>Izcelsmes valsts: Latvija<\/p>\n","protected":false},"excerpt":{"rendered":"<p>1.38 \u20ac\/L<\/p>\n","protected":false},"featured_media":57814,"template":"","meta":{"_acf_changed":false,"inline_featured_image":false},"product_cat":[106,107],"product_tag":[],"acf":[],"aioseo_notices":[],"_links":{"self":[{"href":"https:\/\/rezekne.citro.lv\/ru\/wp-json\/wp\/v2\/product\/55668"}],"collection":[{"href":"https:\/\/rezekne.citro.lv\/ru\/wp-json\/wp\/v2\/product"}],"about":[{"href":"https:\/\/rezekne.citro.lv\/ru\/wp-json\/wp\/v2\/types\/product"}],"wp:featuredmedia":[{"embeddable":true,"href":"https:\/\/rezekne.citro.lv\/ru\/wp-json\/wp\/v2\/media\/57814"}],"wp:attachment":[{"href":"https:\/\/rezekne.citro.lv\/ru\/wp-json\/wp\/v2\/media?parent=55668"}],"wp:term":[{"taxonomy":"product_cat","embeddable":true,"href":"https:\/\/rezekne.citro.lv\/ru\/wp-json\/wp\/v2\/product_cat?post=55668"},{"taxonomy":"product_tag","embeddable":true,"href":"https:\/\/rezekne.citro.lv\/ru\/wp-json\/wp\/v2\/product_tag?post=55668"}],"curies":[{"name":"wp","href":"https:\/\/api.w.org\/{rel}","templated":true}]}}