{"id":55814,"date":"2025-05-22T02:46:51","date_gmt":"2025-05-21T23:46:51","guid":{"rendered":"https:\/\/rezekne.citro.lv\/veikals\/cepumi-damu-pirkstini-marini-savoiardi-ladyfingers-200g\/"},"modified":"2026-03-25T06:03:23","modified_gmt":"2026-03-25T04:03:23","slug":"cepumi-damu-pirkstini-marini-savoiardi-ladyfingers-200g","status":"publish","type":"product","link":"https:\/\/rezekne.citro.lv\/ru\/product\/cepumi-damu-pirkstini-marini-savoiardi-ladyfingers-200g\/","title":{"rendered":"CEPUMI D\u0100MU PIRKSTI\u0145I MARINI SAVOIARDI LADYFINGERS 200G"},"content":{"rendered":"<p>Izcelsmes valsts: It\u0101lija<\/p>\n","protected":false},"excerpt":{"rendered":"<p>6.95 \u20ac\/KG<\/p>\n","protected":false},"featured_media":55847,"template":"","meta":{"_acf_changed":false,"inline_featured_image":false},"product_cat":[125,139],"product_tag":[],"acf":[],"aioseo_notices":[],"_links":{"self":[{"href":"https:\/\/rezekne.citro.lv\/ru\/wp-json\/wp\/v2\/product\/55814"}],"collection":[{"href":"https:\/\/rezekne.citro.lv\/ru\/wp-json\/wp\/v2\/product"}],"about":[{"href":"https:\/\/rezekne.citro.lv\/ru\/wp-json\/wp\/v2\/types\/product"}],"wp:featuredmedia":[{"embeddable":true,"href":"https:\/\/rezekne.citro.lv\/ru\/wp-json\/wp\/v2\/media\/55847"}],"wp:attachment":[{"href":"https:\/\/rezekne.citro.lv\/ru\/wp-json\/wp\/v2\/media?parent=55814"}],"wp:term":[{"taxonomy":"product_cat","embeddable":true,"href":"https:\/\/rezekne.citro.lv\/ru\/wp-json\/wp\/v2\/product_cat?post=55814"},{"taxonomy":"product_tag","embeddable":true,"href":"https:\/\/rezekne.citro.lv\/ru\/wp-json\/wp\/v2\/product_tag?post=55814"}],"curies":[{"name":"wp","href":"https:\/\/api.w.org\/{rel}","templated":true}]}}