{"id":55863,"date":"2026-03-26T00:32:59","date_gmt":"2026-03-25T22:32:59","guid":{"rendered":"https:\/\/rezekne.citro.lv\/veikals\/siers-cesvaines-ar-tomatiem-un-kiplokiem-skelites-150g\/"},"modified":"2026-03-26T00:32:59","modified_gmt":"2026-03-25T22:32:59","slug":"siers-cesvaines-ar-tomatiem-un-kiplokiem-skelites-150g","status":"publish","type":"product","link":"https:\/\/rezekne.citro.lv\/ru\/product\/siers-cesvaines-ar-tomatiem-un-kiplokiem-skelites-150g\/","title":{"rendered":"SIERS CESVAINES AR TOM\u0100TIEM UN \u0136IPLOKIEM, \u0160\u0136\u0112L\u012aT\u0112S 150G"},"content":{"rendered":"<p>Izcelsmes valsts: Latvija<\/p>\n","protected":false},"excerpt":{"rendered":"<p>13.93 \u20ac\/KG<\/p>\n","protected":false},"featured_media":55993,"template":"","meta":{"_acf_changed":false,"inline_featured_image":false},"product_cat":[95,224],"product_tag":[],"acf":[],"aioseo_notices":[],"_links":{"self":[{"href":"https:\/\/rezekne.citro.lv\/ru\/wp-json\/wp\/v2\/product\/55863"}],"collection":[{"href":"https:\/\/rezekne.citro.lv\/ru\/wp-json\/wp\/v2\/product"}],"about":[{"href":"https:\/\/rezekne.citro.lv\/ru\/wp-json\/wp\/v2\/types\/product"}],"wp:featuredmedia":[{"embeddable":true,"href":"https:\/\/rezekne.citro.lv\/ru\/wp-json\/wp\/v2\/media\/55993"}],"wp:attachment":[{"href":"https:\/\/rezekne.citro.lv\/ru\/wp-json\/wp\/v2\/media?parent=55863"}],"wp:term":[{"taxonomy":"product_cat","embeddable":true,"href":"https:\/\/rezekne.citro.lv\/ru\/wp-json\/wp\/v2\/product_cat?post=55863"},{"taxonomy":"product_tag","embeddable":true,"href":"https:\/\/rezekne.citro.lv\/ru\/wp-json\/wp\/v2\/product_tag?post=55863"}],"curies":[{"name":"wp","href":"https:\/\/api.w.org\/{rel}","templated":true}]}}