{"id":55894,"date":"2026-03-26T00:32:59","date_gmt":"2026-03-25T22:32:59","guid":{"rendered":"https:\/\/rezekne.citro.lv\/?post_type=product&#038;p=55894"},"modified":"2026-04-22T12:00:38","modified_gmt":"2026-04-22T09:00:38","slug":"dzeriens-pepsi-max-bezkaloriju-gazets-1-5l-pet","status":"publish","type":"product","link":"https:\/\/rezekne.citro.lv\/ru\/product\/dzeriens-pepsi-max-bezkaloriju-gazets-1-5l-pet\/","title":{"rendered":"DZ\u0112RIENS PEPSI MAX BEZKALORIJU G\u0100Z\u0112TS 1.5L PET"},"content":{"rendered":"<p>Izcelsmes valsts: Latvija<\/p>\n","protected":false},"excerpt":{"rendered":"<p>1.33 \u20ac\/L<\/p>\n","protected":false},"featured_media":57714,"template":"","meta":{"_acf_changed":false,"inline_featured_image":false},"product_cat":[106,107],"product_tag":[],"acf":[],"aioseo_notices":[],"_links":{"self":[{"href":"https:\/\/rezekne.citro.lv\/ru\/wp-json\/wp\/v2\/product\/55894"}],"collection":[{"href":"https:\/\/rezekne.citro.lv\/ru\/wp-json\/wp\/v2\/product"}],"about":[{"href":"https:\/\/rezekne.citro.lv\/ru\/wp-json\/wp\/v2\/types\/product"}],"wp:featuredmedia":[{"embeddable":true,"href":"https:\/\/rezekne.citro.lv\/ru\/wp-json\/wp\/v2\/media\/57714"}],"wp:attachment":[{"href":"https:\/\/rezekne.citro.lv\/ru\/wp-json\/wp\/v2\/media?parent=55894"}],"wp:term":[{"taxonomy":"product_cat","embeddable":true,"href":"https:\/\/rezekne.citro.lv\/ru\/wp-json\/wp\/v2\/product_cat?post=55894"},{"taxonomy":"product_tag","embeddable":true,"href":"https:\/\/rezekne.citro.lv\/ru\/wp-json\/wp\/v2\/product_tag?post=55894"}],"curies":[{"name":"wp","href":"https:\/\/api.w.org\/{rel}","templated":true}]}}