{"id":55898,"date":"2025-03-27T08:23:40","date_gmt":"2025-03-27T06:23:40","guid":{"rendered":"https:\/\/rezekne.citro.lv\/?post_type=product&#038;p=55898"},"modified":"2026-04-28T15:00:37","modified_gmt":"2026-04-28T12:00:37","slug":"sulas-dzeriens-negazets-ar-vit-tropu-auglu-un-burkanu-0-5l","status":"publish","type":"product","link":"https:\/\/rezekne.citro.lv\/ru\/product\/sulas-dzeriens-negazets-ar-vit-tropu-auglu-un-burkanu-0-5l\/","title":{"rendered":"SULAS DZ\u0112RIENS NEG\u0100Z\u0112TS AR VIT.TROPU AUG\u013bU UN BURK\u0100NU 0.5L"},"content":{"rendered":"<p>Izcelsmes valsts: Latvija<\/p>\n","protected":false},"excerpt":{"rendered":"<p>1.78 \u20ac\/L<\/p>\n","protected":false},"featured_media":56314,"template":"","meta":{"_acf_changed":false,"inline_featured_image":false},"product_cat":[106,124],"product_tag":[],"acf":[],"aioseo_notices":[],"_links":{"self":[{"href":"https:\/\/rezekne.citro.lv\/ru\/wp-json\/wp\/v2\/product\/55898"}],"collection":[{"href":"https:\/\/rezekne.citro.lv\/ru\/wp-json\/wp\/v2\/product"}],"about":[{"href":"https:\/\/rezekne.citro.lv\/ru\/wp-json\/wp\/v2\/types\/product"}],"wp:featuredmedia":[{"embeddable":true,"href":"https:\/\/rezekne.citro.lv\/ru\/wp-json\/wp\/v2\/media\/56314"}],"wp:attachment":[{"href":"https:\/\/rezekne.citro.lv\/ru\/wp-json\/wp\/v2\/media?parent=55898"}],"wp:term":[{"taxonomy":"product_cat","embeddable":true,"href":"https:\/\/rezekne.citro.lv\/ru\/wp-json\/wp\/v2\/product_cat?post=55898"},{"taxonomy":"product_tag","embeddable":true,"href":"https:\/\/rezekne.citro.lv\/ru\/wp-json\/wp\/v2\/product_tag?post=55898"}],"curies":[{"name":"wp","href":"https:\/\/api.w.org\/{rel}","templated":true}]}}