{"id":55963,"date":"2026-01-29T00:04:35","date_gmt":"2026-01-28T22:04:35","guid":{"rendered":"https:\/\/rezekne.citro.lv\/veikals\/bariba-kakiem-sausa-dreamies-gardumi-ar-liellopu-galu-60g\/"},"modified":"2026-01-29T00:04:36","modified_gmt":"2026-01-28T22:04:36","slug":"bariba-kakiem-sausa-dreamies-gardumi-ar-liellopu-galu-60g","status":"publish","type":"product","link":"https:\/\/rezekne.citro.lv\/ru\/product\/bariba-kakiem-sausa-dreamies-gardumi-ar-liellopu-galu-60g\/","title":{"rendered":"BAR\u012aBA KA\u0136IEM SAUS\u0100 DREAMIES GARDUMI AR LIELLOPU GA\u013bU 60G"},"content":{"rendered":"","protected":false},"excerpt":{"rendered":"<p>31.50 \u20ac\/KG<\/p>\n","protected":false},"featured_media":56019,"template":"","meta":{"_acf_changed":false,"inline_featured_image":false},"product_cat":[153,154],"product_tag":[],"acf":[],"aioseo_notices":[],"_links":{"self":[{"href":"https:\/\/rezekne.citro.lv\/ru\/wp-json\/wp\/v2\/product\/55963"}],"collection":[{"href":"https:\/\/rezekne.citro.lv\/ru\/wp-json\/wp\/v2\/product"}],"about":[{"href":"https:\/\/rezekne.citro.lv\/ru\/wp-json\/wp\/v2\/types\/product"}],"wp:featuredmedia":[{"embeddable":true,"href":"https:\/\/rezekne.citro.lv\/ru\/wp-json\/wp\/v2\/media\/56019"}],"wp:attachment":[{"href":"https:\/\/rezekne.citro.lv\/ru\/wp-json\/wp\/v2\/media?parent=55963"}],"wp:term":[{"taxonomy":"product_cat","embeddable":true,"href":"https:\/\/rezekne.citro.lv\/ru\/wp-json\/wp\/v2\/product_cat?post=55963"},{"taxonomy":"product_tag","embeddable":true,"href":"https:\/\/rezekne.citro.lv\/ru\/wp-json\/wp\/v2\/product_tag?post=55963"}],"curies":[{"name":"wp","href":"https:\/\/api.w.org\/{rel}","templated":true}]}}