{"id":56195,"date":"2026-04-23T00:34:15","date_gmt":"2026-04-22T21:34:15","guid":{"rendered":"https:\/\/rezekne.citro.lv\/veikals\/zekes-sieviesu-39-42-21159-gaisas\/"},"modified":"2026-04-23T00:34:18","modified_gmt":"2026-04-22T21:34:18","slug":"zekes-sieviesu-39-42-21159-gaisas","status":"publish","type":"product","link":"https:\/\/rezekne.citro.lv\/ru\/product\/zekes-sieviesu-39-42-21159-gaisas\/","title":{"rendered":"ZE\u0136ES SIEVIE\u0160U 39-42 21159 GAI\u0160AS"},"content":{"rendered":"","protected":false},"excerpt":{"rendered":"","protected":false},"featured_media":56293,"template":"","meta":{"_acf_changed":false,"inline_featured_image":false},"product_cat":[131,367],"product_tag":[],"acf":[],"aioseo_notices":[],"_links":{"self":[{"href":"https:\/\/rezekne.citro.lv\/ru\/wp-json\/wp\/v2\/product\/56195"}],"collection":[{"href":"https:\/\/rezekne.citro.lv\/ru\/wp-json\/wp\/v2\/product"}],"about":[{"href":"https:\/\/rezekne.citro.lv\/ru\/wp-json\/wp\/v2\/types\/product"}],"wp:featuredmedia":[{"embeddable":true,"href":"https:\/\/rezekne.citro.lv\/ru\/wp-json\/wp\/v2\/media\/56293"}],"wp:attachment":[{"href":"https:\/\/rezekne.citro.lv\/ru\/wp-json\/wp\/v2\/media?parent=56195"}],"wp:term":[{"taxonomy":"product_cat","embeddable":true,"href":"https:\/\/rezekne.citro.lv\/ru\/wp-json\/wp\/v2\/product_cat?post=56195"},{"taxonomy":"product_tag","embeddable":true,"href":"https:\/\/rezekne.citro.lv\/ru\/wp-json\/wp\/v2\/product_tag?post=56195"}],"curies":[{"name":"wp","href":"https:\/\/api.w.org\/{rel}","templated":true}]}}