{"id":56196,"date":"2026-03-26T00:33:05","date_gmt":"2026-03-25T22:33:05","guid":{"rendered":"https:\/\/rezekne.citro.lv\/veikals\/zekes-sieviesu-35-38-21159-tumsas\/"},"modified":"2026-03-26T00:33:06","modified_gmt":"2026-03-25T22:33:06","slug":"zekes-sieviesu-35-38-21159-tumsas","status":"publish","type":"product","link":"https:\/\/rezekne.citro.lv\/ru\/product\/zekes-sieviesu-35-38-21159-tumsas\/","title":{"rendered":"ZE\u0136ES SIEVIE\u0160U 35-38 21159 TUM\u0160AS"},"content":{"rendered":"","protected":false},"excerpt":{"rendered":"","protected":false},"featured_media":56292,"template":"","meta":{"_acf_changed":false,"inline_featured_image":false},"product_cat":[131,367],"product_tag":[],"acf":[],"aioseo_notices":[],"_links":{"self":[{"href":"https:\/\/rezekne.citro.lv\/ru\/wp-json\/wp\/v2\/product\/56196"}],"collection":[{"href":"https:\/\/rezekne.citro.lv\/ru\/wp-json\/wp\/v2\/product"}],"about":[{"href":"https:\/\/rezekne.citro.lv\/ru\/wp-json\/wp\/v2\/types\/product"}],"wp:featuredmedia":[{"embeddable":true,"href":"https:\/\/rezekne.citro.lv\/ru\/wp-json\/wp\/v2\/media\/56292"}],"wp:attachment":[{"href":"https:\/\/rezekne.citro.lv\/ru\/wp-json\/wp\/v2\/media?parent=56196"}],"wp:term":[{"taxonomy":"product_cat","embeddable":true,"href":"https:\/\/rezekne.citro.lv\/ru\/wp-json\/wp\/v2\/product_cat?post=56196"},{"taxonomy":"product_tag","embeddable":true,"href":"https:\/\/rezekne.citro.lv\/ru\/wp-json\/wp\/v2\/product_tag?post=56196"}],"curies":[{"name":"wp","href":"https:\/\/api.w.org\/{rel}","templated":true}]}}