{"id":56210,"date":"2026-04-23T00:05:24","date_gmt":"2026-04-22T21:05:24","guid":{"rendered":"https:\/\/rezekne.citro.lv\/veikals\/staburadze-karotites-salas-40gb-200g\/"},"modified":"2026-04-29T09:00:07","modified_gmt":"2026-04-29T06:00:07","slug":"staburadze-karotites-salas-40gb-200g","status":"publish","type":"product","link":"https:\/\/rezekne.citro.lv\/ru\/product\/staburadze-karotites-salas-40gb-200g\/","title":{"rendered":"STABURADZE KAROT\u012aTES S\u0100\u013b\u0100S 40GB 200G"},"content":{"rendered":"<p>Izcelsmes valsts: Latvija<\/p>\n","protected":false},"excerpt":{"rendered":"<p>19.75 \u20ac\/KG<\/p>\n","protected":false},"featured_media":56303,"template":"","meta":{"_acf_changed":false,"inline_featured_image":false},"product_cat":[109,110,215,563],"product_tag":[],"acf":[],"aioseo_notices":[],"_links":{"self":[{"href":"https:\/\/rezekne.citro.lv\/ru\/wp-json\/wp\/v2\/product\/56210"}],"collection":[{"href":"https:\/\/rezekne.citro.lv\/ru\/wp-json\/wp\/v2\/product"}],"about":[{"href":"https:\/\/rezekne.citro.lv\/ru\/wp-json\/wp\/v2\/types\/product"}],"wp:featuredmedia":[{"embeddable":true,"href":"https:\/\/rezekne.citro.lv\/ru\/wp-json\/wp\/v2\/media\/56303"}],"wp:attachment":[{"href":"https:\/\/rezekne.citro.lv\/ru\/wp-json\/wp\/v2\/media?parent=56210"}],"wp:term":[{"taxonomy":"product_cat","embeddable":true,"href":"https:\/\/rezekne.citro.lv\/ru\/wp-json\/wp\/v2\/product_cat?post=56210"},{"taxonomy":"product_tag","embeddable":true,"href":"https:\/\/rezekne.citro.lv\/ru\/wp-json\/wp\/v2\/product_tag?post=56210"}],"curies":[{"name":"wp","href":"https:\/\/api.w.org\/{rel}","templated":true}]}}