{"id":56216,"date":"2026-04-23T00:04:27","date_gmt":"2026-04-22T21:04:27","guid":{"rendered":"https:\/\/rezekne.citro.lv\/veikals\/siers-kausetais-dzintars-ar-skinki-200g\/"},"modified":"2026-05-11T06:00:50","modified_gmt":"2026-05-11T03:00:50","slug":"siers-kausetais-dzintars-ar-skinki-200g","status":"publish","type":"product","link":"https:\/\/rezekne.citro.lv\/ru\/product\/siers-kausetais-dzintars-ar-skinki-200g\/","title":{"rendered":"SIERS KAUS\u0112TAIS DZINTARS AR \u0160\u0136I\u0145\u0136I 200G"},"content":{"rendered":"<p>Izcelsmes valsts: Latvija<\/p>\n","protected":false},"excerpt":{"rendered":"<p>9.95 \u20ac\/KG<\/p>\n","protected":false},"featured_media":56309,"template":"","meta":{"_acf_changed":false,"inline_featured_image":false},"product_cat":[95,535],"product_tag":[],"acf":[],"aioseo_notices":[],"_links":{"self":[{"href":"https:\/\/rezekne.citro.lv\/ru\/wp-json\/wp\/v2\/product\/56216"}],"collection":[{"href":"https:\/\/rezekne.citro.lv\/ru\/wp-json\/wp\/v2\/product"}],"about":[{"href":"https:\/\/rezekne.citro.lv\/ru\/wp-json\/wp\/v2\/types\/product"}],"wp:featuredmedia":[{"embeddable":true,"href":"https:\/\/rezekne.citro.lv\/ru\/wp-json\/wp\/v2\/media\/56309"}],"wp:attachment":[{"href":"https:\/\/rezekne.citro.lv\/ru\/wp-json\/wp\/v2\/media?parent=56216"}],"wp:term":[{"taxonomy":"product_cat","embeddable":true,"href":"https:\/\/rezekne.citro.lv\/ru\/wp-json\/wp\/v2\/product_cat?post=56216"},{"taxonomy":"product_tag","embeddable":true,"href":"https:\/\/rezekne.citro.lv\/ru\/wp-json\/wp\/v2\/product_tag?post=56216"}],"curies":[{"name":"wp","href":"https:\/\/api.w.org\/{rel}","templated":true}]}}