{"id":56333,"date":"2024-09-13T15:05:14","date_gmt":"2024-09-13T12:05:14","guid":{"rendered":"https:\/\/rezekne.citro.lv\/veikals\/calu-krutinas-fileja-svaiga-a-kat-kg-kekava\/"},"modified":"2025-01-30T09:26:06","modified_gmt":"2025-01-30T07:26:06","slug":"calu-krutinas-fileja-svaiga-a-kat-kg-kekava","status":"publish","type":"product","link":"https:\/\/rezekne.citro.lv\/ru\/product\/calu-krutinas-fileja-svaiga-a-kat-kg-kekava\/","title":{"rendered":"C\u0100\u013bU KR\u016aTI\u0145AS FILEJA SVAIGA A KAT. KG \u0136EKAVA"},"content":{"rendered":"<p>Izcelsmes valsts: Latvija<br \/>Ra\u017eot\u0101js: Putnu Fabrika \u0136ekava uzglab\u0101\u0161anas temp.+2-+6C<\/p>\n","protected":false},"excerpt":{"rendered":"<p>8.49 \u20ac\/KG<\/p>\n","protected":false},"featured_media":56668,"template":"","meta":{"_acf_changed":false,"inline_featured_image":false},"product_cat":[135,190],"product_tag":[],"acf":[],"aioseo_notices":[],"_links":{"self":[{"href":"https:\/\/rezekne.citro.lv\/ru\/wp-json\/wp\/v2\/product\/56333"}],"collection":[{"href":"https:\/\/rezekne.citro.lv\/ru\/wp-json\/wp\/v2\/product"}],"about":[{"href":"https:\/\/rezekne.citro.lv\/ru\/wp-json\/wp\/v2\/types\/product"}],"wp:featuredmedia":[{"embeddable":true,"href":"https:\/\/rezekne.citro.lv\/ru\/wp-json\/wp\/v2\/media\/56668"}],"wp:attachment":[{"href":"https:\/\/rezekne.citro.lv\/ru\/wp-json\/wp\/v2\/media?parent=56333"}],"wp:term":[{"taxonomy":"product_cat","embeddable":true,"href":"https:\/\/rezekne.citro.lv\/ru\/wp-json\/wp\/v2\/product_cat?post=56333"},{"taxonomy":"product_tag","embeddable":true,"href":"https:\/\/rezekne.citro.lv\/ru\/wp-json\/wp\/v2\/product_tag?post=56333"}],"curies":[{"name":"wp","href":"https:\/\/api.w.org\/{rel}","templated":true}]}}