{"id":56471,"date":"2026-03-26T00:05:40","date_gmt":"2026-03-25T22:05:40","guid":{"rendered":"https:\/\/rezekne.citro.lv\/veikals\/vates-kocini-bella-papira-maisina-nature-friendly-160gab\/"},"modified":"2026-05-15T06:01:02","modified_gmt":"2026-05-15T03:01:02","slug":"vates-kocini-bella-papira-maisina-nature-friendly-160gab","status":"publish","type":"product","link":"https:\/\/rezekne.citro.lv\/ru\/product\/vates-kocini-bella-papira-maisina-nature-friendly-160gab\/","title":{"rendered":"VATES KOCI\u0145I BELLA PAP\u012aRA MAISI\u0145\u0100 NATURE FRIENDLY 160GAB"},"content":{"rendered":"","protected":false},"excerpt":{"rendered":"<p>0.01 \u20ac\/GAB<\/p>\n","protected":false},"featured_media":57247,"template":"","meta":{"_acf_changed":false,"inline_featured_image":false},"product_cat":[127,129],"product_tag":[],"acf":[],"aioseo_notices":[],"_links":{"self":[{"href":"https:\/\/rezekne.citro.lv\/ru\/wp-json\/wp\/v2\/product\/56471"}],"collection":[{"href":"https:\/\/rezekne.citro.lv\/ru\/wp-json\/wp\/v2\/product"}],"about":[{"href":"https:\/\/rezekne.citro.lv\/ru\/wp-json\/wp\/v2\/types\/product"}],"wp:featuredmedia":[{"embeddable":true,"href":"https:\/\/rezekne.citro.lv\/ru\/wp-json\/wp\/v2\/media\/57247"}],"wp:attachment":[{"href":"https:\/\/rezekne.citro.lv\/ru\/wp-json\/wp\/v2\/media?parent=56471"}],"wp:term":[{"taxonomy":"product_cat","embeddable":true,"href":"https:\/\/rezekne.citro.lv\/ru\/wp-json\/wp\/v2\/product_cat?post=56471"},{"taxonomy":"product_tag","embeddable":true,"href":"https:\/\/rezekne.citro.lv\/ru\/wp-json\/wp\/v2\/product_tag?post=56471"}],"curies":[{"name":"wp","href":"https:\/\/api.w.org\/{rel}","templated":true}]}}