{"id":56483,"date":"2026-02-26T00:04:02","date_gmt":"2026-02-25T22:04:02","guid":{"rendered":"https:\/\/rezekne.citro.lv\/veikals\/sampuns-nivea-strong-power-viriesiem-250ml\/"},"modified":"2026-05-03T06:00:56","modified_gmt":"2026-05-03T03:00:56","slug":"sampuns-nivea-strong-power-viriesiem-250ml","status":"publish","type":"product","link":"https:\/\/rezekne.citro.lv\/ru\/product\/sampuns-nivea-strong-power-viriesiem-250ml\/","title":{"rendered":"\u0160AMP\u016aNS NIVEA STRONG POWER V\u012aRIE\u0160IEM 250ML"},"content":{"rendered":"","protected":false},"excerpt":{"rendered":"<p>19.16 \u20ac\/L<\/p>\n","protected":false},"featured_media":56626,"template":"","meta":{"_acf_changed":false,"inline_featured_image":false},"product_cat":[127,160],"product_tag":[],"acf":[],"aioseo_notices":[],"_links":{"self":[{"href":"https:\/\/rezekne.citro.lv\/ru\/wp-json\/wp\/v2\/product\/56483"}],"collection":[{"href":"https:\/\/rezekne.citro.lv\/ru\/wp-json\/wp\/v2\/product"}],"about":[{"href":"https:\/\/rezekne.citro.lv\/ru\/wp-json\/wp\/v2\/types\/product"}],"wp:featuredmedia":[{"embeddable":true,"href":"https:\/\/rezekne.citro.lv\/ru\/wp-json\/wp\/v2\/media\/56626"}],"wp:attachment":[{"href":"https:\/\/rezekne.citro.lv\/ru\/wp-json\/wp\/v2\/media?parent=56483"}],"wp:term":[{"taxonomy":"product_cat","embeddable":true,"href":"https:\/\/rezekne.citro.lv\/ru\/wp-json\/wp\/v2\/product_cat?post=56483"},{"taxonomy":"product_tag","embeddable":true,"href":"https:\/\/rezekne.citro.lv\/ru\/wp-json\/wp\/v2\/product_tag?post=56483"}],"curies":[{"name":"wp","href":"https:\/\/api.w.org\/{rel}","templated":true}]}}