{"id":56492,"date":"2026-04-13T00:02:13","date_gmt":"2026-04-12T21:02:13","guid":{"rendered":"https:\/\/rezekne.citro.lv\/veikals\/lidzeklis-nagu-lakas-nonemsanai-60ml\/"},"modified":"2026-04-13T00:02:16","modified_gmt":"2026-04-12T21:02:16","slug":"lidzeklis-nagu-lakas-nonemsanai-60ml","status":"publish","type":"product","link":"https:\/\/rezekne.citro.lv\/ru\/product\/lidzeklis-nagu-lakas-nonemsanai-60ml\/","title":{"rendered":"L\u012aDZEKLIS NAGU LAKAS NO\u0145EM\u0160ANAI 60ML"},"content":{"rendered":"","protected":false},"excerpt":{"rendered":"<p>16.50 \u20ac\/L<\/p>\n","protected":false},"featured_media":56629,"template":"","meta":{"_acf_changed":false,"inline_featured_image":false},"product_cat":[127,129],"product_tag":[],"acf":[],"aioseo_notices":[],"_links":{"self":[{"href":"https:\/\/rezekne.citro.lv\/ru\/wp-json\/wp\/v2\/product\/56492"}],"collection":[{"href":"https:\/\/rezekne.citro.lv\/ru\/wp-json\/wp\/v2\/product"}],"about":[{"href":"https:\/\/rezekne.citro.lv\/ru\/wp-json\/wp\/v2\/types\/product"}],"wp:featuredmedia":[{"embeddable":true,"href":"https:\/\/rezekne.citro.lv\/ru\/wp-json\/wp\/v2\/media\/56629"}],"wp:attachment":[{"href":"https:\/\/rezekne.citro.lv\/ru\/wp-json\/wp\/v2\/media?parent=56492"}],"wp:term":[{"taxonomy":"product_cat","embeddable":true,"href":"https:\/\/rezekne.citro.lv\/ru\/wp-json\/wp\/v2\/product_cat?post=56492"},{"taxonomy":"product_tag","embeddable":true,"href":"https:\/\/rezekne.citro.lv\/ru\/wp-json\/wp\/v2\/product_tag?post=56492"}],"curies":[{"name":"wp","href":"https:\/\/api.w.org\/{rel}","templated":true}]}}