{"id":56495,"date":"2026-03-26T00:05:05","date_gmt":"2026-03-25T22:05:05","guid":{"rendered":"https:\/\/rezekne.citro.lv\/veikals\/matu-krasa-palette-n3-videji-bruns\/"},"modified":"2026-04-03T06:00:57","modified_gmt":"2026-04-03T03:00:57","slug":"matu-krasa-palette-n3-videji-bruns","status":"publish","type":"product","link":"https:\/\/rezekne.citro.lv\/ru\/product\/matu-krasa-palette-n3-videji-bruns\/","title":{"rendered":"MATU KR\u0100SA PALETTE N3 VID\u0112JI BR\u016aNS"},"content":{"rendered":"","protected":false},"excerpt":{"rendered":"","protected":false},"featured_media":56634,"template":"","meta":{"_acf_changed":false,"inline_featured_image":false},"product_cat":[127,160],"product_tag":[],"acf":[],"aioseo_notices":[],"_links":{"self":[{"href":"https:\/\/rezekne.citro.lv\/ru\/wp-json\/wp\/v2\/product\/56495"}],"collection":[{"href":"https:\/\/rezekne.citro.lv\/ru\/wp-json\/wp\/v2\/product"}],"about":[{"href":"https:\/\/rezekne.citro.lv\/ru\/wp-json\/wp\/v2\/types\/product"}],"wp:featuredmedia":[{"embeddable":true,"href":"https:\/\/rezekne.citro.lv\/ru\/wp-json\/wp\/v2\/media\/56634"}],"wp:attachment":[{"href":"https:\/\/rezekne.citro.lv\/ru\/wp-json\/wp\/v2\/media?parent=56495"}],"wp:term":[{"taxonomy":"product_cat","embeddable":true,"href":"https:\/\/rezekne.citro.lv\/ru\/wp-json\/wp\/v2\/product_cat?post=56495"},{"taxonomy":"product_tag","embeddable":true,"href":"https:\/\/rezekne.citro.lv\/ru\/wp-json\/wp\/v2\/product_tag?post=56495"}],"curies":[{"name":"wp","href":"https:\/\/api.w.org\/{rel}","templated":true}]}}