{"id":56500,"date":"2026-04-23T00:04:52","date_gmt":"2026-04-22T21:04:52","guid":{"rendered":"https:\/\/rezekne.citro.lv\/veikals\/matu-krasa-palette-a10-ipasi-pelnu-blonds\/"},"modified":"2026-04-26T06:01:02","modified_gmt":"2026-04-26T03:01:02","slug":"matu-krasa-palette-a10-ipasi-pelnu-blonds","status":"publish","type":"product","link":"https:\/\/rezekne.citro.lv\/ru\/product\/matu-krasa-palette-a10-ipasi-pelnu-blonds\/","title":{"rendered":"MATU KR\u0100SA PALETTE A10 \u012aPA\u0160I PELNU BLONDS"},"content":{"rendered":"","protected":false},"excerpt":{"rendered":"","protected":false},"featured_media":56636,"template":"","meta":{"_acf_changed":false,"inline_featured_image":false},"product_cat":[127,160],"product_tag":[],"acf":[],"aioseo_notices":[],"_links":{"self":[{"href":"https:\/\/rezekne.citro.lv\/ru\/wp-json\/wp\/v2\/product\/56500"}],"collection":[{"href":"https:\/\/rezekne.citro.lv\/ru\/wp-json\/wp\/v2\/product"}],"about":[{"href":"https:\/\/rezekne.citro.lv\/ru\/wp-json\/wp\/v2\/types\/product"}],"wp:featuredmedia":[{"embeddable":true,"href":"https:\/\/rezekne.citro.lv\/ru\/wp-json\/wp\/v2\/media\/56636"}],"wp:attachment":[{"href":"https:\/\/rezekne.citro.lv\/ru\/wp-json\/wp\/v2\/media?parent=56500"}],"wp:term":[{"taxonomy":"product_cat","embeddable":true,"href":"https:\/\/rezekne.citro.lv\/ru\/wp-json\/wp\/v2\/product_cat?post=56500"},{"taxonomy":"product_tag","embeddable":true,"href":"https:\/\/rezekne.citro.lv\/ru\/wp-json\/wp\/v2\/product_tag?post=56500"}],"curies":[{"name":"wp","href":"https:\/\/api.w.org\/{rel}","templated":true}]}}