{"id":56539,"date":"2026-04-22T00:02:17","date_gmt":"2026-04-21T21:02:17","guid":{"rendered":"https:\/\/rezekne.citro.lv\/veikals\/magija-glazets-sierins-ar-vanilas-garsu-45g\/"},"modified":"2026-04-22T00:02:23","modified_gmt":"2026-04-21T21:02:23","slug":"magija-glazets-sierins-ar-vanilas-garsu-45g","status":"publish","type":"product","link":"https:\/\/rezekne.citro.lv\/ru\/product\/magija-glazets-sierins-ar-vanilas-garsu-45g\/","title":{"rendered":"BIEZPIENA SIERI\u0145\u0160 MAGIJA VANI\u013bAS 45G"},"content":{"rendered":"<p>Izcelsmes valsts: Lietuva<\/p>\n","protected":false},"excerpt":{"rendered":"<p>12.22 \u20ac\/KG<\/p>\n","protected":false},"featured_media":66107,"template":"","meta":{"_acf_changed":false,"inline_featured_image":false},"product_cat":[95,188],"product_tag":[],"acf":[],"aioseo_notices":[],"_links":{"self":[{"href":"https:\/\/rezekne.citro.lv\/ru\/wp-json\/wp\/v2\/product\/56539"}],"collection":[{"href":"https:\/\/rezekne.citro.lv\/ru\/wp-json\/wp\/v2\/product"}],"about":[{"href":"https:\/\/rezekne.citro.lv\/ru\/wp-json\/wp\/v2\/types\/product"}],"wp:featuredmedia":[{"embeddable":true,"href":"https:\/\/rezekne.citro.lv\/ru\/wp-json\/wp\/v2\/media\/66107"}],"wp:attachment":[{"href":"https:\/\/rezekne.citro.lv\/ru\/wp-json\/wp\/v2\/media?parent=56539"}],"wp:term":[{"taxonomy":"product_cat","embeddable":true,"href":"https:\/\/rezekne.citro.lv\/ru\/wp-json\/wp\/v2\/product_cat?post=56539"},{"taxonomy":"product_tag","embeddable":true,"href":"https:\/\/rezekne.citro.lv\/ru\/wp-json\/wp\/v2\/product_tag?post=56539"}],"curies":[{"name":"wp","href":"https:\/\/api.w.org\/{rel}","templated":true}]}}