{"id":56540,"date":"2025-12-04T00:04:20","date_gmt":"2025-12-03T22:04:20","guid":{"rendered":"https:\/\/rezekne.citro.lv\/veikals\/cukgalas-skinkis-bez-kaula-ar-adu-lielais-fasejums-kg-kgs\/"},"modified":"2025-12-04T00:04:20","modified_gmt":"2025-12-03T22:04:20","slug":"cukgalas-skinkis-bez-kaula-ar-adu-lielais-fasejums-kg-kgs","status":"publish","type":"product","link":"https:\/\/rezekne.citro.lv\/ru\/product\/cukgalas-skinkis-bez-kaula-ar-adu-lielais-fasejums-kg-kgs\/","title":{"rendered":"C\u016aKGA\u013bAS \u0160\u0136I\u0145\u0136IS BEZ KAULA AR \u0100DU (LIELAIS FAS\u0112JUMS) KG KGS"},"content":{"rendered":"<p>Izcelsmes valsts: Latvija<\/p>\n","protected":false},"excerpt":{"rendered":"<p>6.39 \u20ac\/KG<\/p>\n","protected":false},"featured_media":56659,"template":"","meta":{"_acf_changed":false,"inline_featured_image":false},"product_cat":[135,190],"product_tag":[],"acf":[],"aioseo_notices":[],"_links":{"self":[{"href":"https:\/\/rezekne.citro.lv\/ru\/wp-json\/wp\/v2\/product\/56540"}],"collection":[{"href":"https:\/\/rezekne.citro.lv\/ru\/wp-json\/wp\/v2\/product"}],"about":[{"href":"https:\/\/rezekne.citro.lv\/ru\/wp-json\/wp\/v2\/types\/product"}],"wp:featuredmedia":[{"embeddable":true,"href":"https:\/\/rezekne.citro.lv\/ru\/wp-json\/wp\/v2\/media\/56659"}],"wp:attachment":[{"href":"https:\/\/rezekne.citro.lv\/ru\/wp-json\/wp\/v2\/media?parent=56540"}],"wp:term":[{"taxonomy":"product_cat","embeddable":true,"href":"https:\/\/rezekne.citro.lv\/ru\/wp-json\/wp\/v2\/product_cat?post=56540"},{"taxonomy":"product_tag","embeddable":true,"href":"https:\/\/rezekne.citro.lv\/ru\/wp-json\/wp\/v2\/product_tag?post=56540"}],"curies":[{"name":"wp","href":"https:\/\/api.w.org\/{rel}","templated":true}]}}