{"id":56543,"date":"2026-03-26T00:05:40","date_gmt":"2026-03-25T22:05:40","guid":{"rendered":"https:\/\/rezekne.citro.lv\/veikals\/calu-stilbi-svaigi-a-kat-kg-pf-kekava\/"},"modified":"2026-03-26T06:01:10","modified_gmt":"2026-03-26T04:01:10","slug":"calu-stilbi-svaigi-a-kat-kg-pf-kekava","status":"publish","type":"product","link":"https:\/\/rezekne.citro.lv\/ru\/product\/calu-stilbi-svaigi-a-kat-kg-pf-kekava\/","title":{"rendered":"C\u0100\u013bU STILBI SVAIGI A KAT. KG PF \u0136EKAVA"},"content":{"rendered":"<p>Izcelsmes valsts: Latvija<br \/>Ra\u017eot\u0101js: Putnu Fabrika \u0136ekava uzglab\u0101\u0161anas temp.+2-+6C<\/p>\n","protected":false},"excerpt":{"rendered":"<p>4.39 \u20ac\/KG<\/p>\n","protected":false},"featured_media":56655,"template":"","meta":{"_acf_changed":false,"inline_featured_image":false},"product_cat":[135,190],"product_tag":[],"acf":[],"aioseo_notices":[],"_links":{"self":[{"href":"https:\/\/rezekne.citro.lv\/ru\/wp-json\/wp\/v2\/product\/56543"}],"collection":[{"href":"https:\/\/rezekne.citro.lv\/ru\/wp-json\/wp\/v2\/product"}],"about":[{"href":"https:\/\/rezekne.citro.lv\/ru\/wp-json\/wp\/v2\/types\/product"}],"wp:featuredmedia":[{"embeddable":true,"href":"https:\/\/rezekne.citro.lv\/ru\/wp-json\/wp\/v2\/media\/56655"}],"wp:attachment":[{"href":"https:\/\/rezekne.citro.lv\/ru\/wp-json\/wp\/v2\/media?parent=56543"}],"wp:term":[{"taxonomy":"product_cat","embeddable":true,"href":"https:\/\/rezekne.citro.lv\/ru\/wp-json\/wp\/v2\/product_cat?post=56543"},{"taxonomy":"product_tag","embeddable":true,"href":"https:\/\/rezekne.citro.lv\/ru\/wp-json\/wp\/v2\/product_tag?post=56543"}],"curies":[{"name":"wp","href":"https:\/\/api.w.org\/{rel}","templated":true}]}}