{"id":56545,"date":"2026-04-09T00:03:13","date_gmt":"2026-04-08T21:03:13","guid":{"rendered":"https:\/\/rezekne.citro.lv\/veikals\/silkes-fileja-marinade-gardums-250g-143g\/"},"modified":"2026-04-10T06:01:08","modified_gmt":"2026-04-10T03:01:08","slug":"silkes-fileja-marinade-gardums-250g-143g","status":"publish","type":"product","link":"https:\/\/rezekne.citro.lv\/ru\/product\/silkes-fileja-marinade-gardums-250g-143g\/","title":{"rendered":"SI\u013b\u0136ES FILEJA MARIN\u0100D\u0112 GARDUMS 250G\/143G"},"content":{"rendered":"<p>Izcelsmes valsts: Latvija<\/p>\n","protected":false},"excerpt":{"rendered":"<p>15.31 \u20ac\/KG<\/p>\n","protected":false},"featured_media":56653,"template":"","meta":{"_acf_changed":false,"inline_featured_image":false},"product_cat":[135,136],"product_tag":[],"acf":[],"aioseo_notices":[],"_links":{"self":[{"href":"https:\/\/rezekne.citro.lv\/ru\/wp-json\/wp\/v2\/product\/56545"}],"collection":[{"href":"https:\/\/rezekne.citro.lv\/ru\/wp-json\/wp\/v2\/product"}],"about":[{"href":"https:\/\/rezekne.citro.lv\/ru\/wp-json\/wp\/v2\/types\/product"}],"wp:featuredmedia":[{"embeddable":true,"href":"https:\/\/rezekne.citro.lv\/ru\/wp-json\/wp\/v2\/media\/56653"}],"wp:attachment":[{"href":"https:\/\/rezekne.citro.lv\/ru\/wp-json\/wp\/v2\/media?parent=56545"}],"wp:term":[{"taxonomy":"product_cat","embeddable":true,"href":"https:\/\/rezekne.citro.lv\/ru\/wp-json\/wp\/v2\/product_cat?post=56545"},{"taxonomy":"product_tag","embeddable":true,"href":"https:\/\/rezekne.citro.lv\/ru\/wp-json\/wp\/v2\/product_tag?post=56545"}],"curies":[{"name":"wp","href":"https:\/\/api.w.org\/{rel}","templated":true}]}}