{"id":56546,"date":"2024-09-13T15:05:20","date_gmt":"2024-09-13T12:05:20","guid":{"rendered":"https:\/\/rezekne.citro.lv\/veikals\/jaukta-maltas-galas-masa-kg-kgs\/"},"modified":"2025-01-30T09:26:06","modified_gmt":"2025-01-30T07:26:06","slug":"jaukta-maltas-galas-masa-kg-kgs","status":"publish","type":"product","link":"https:\/\/rezekne.citro.lv\/ru\/product\/jaukta-maltas-galas-masa-kg-kgs\/","title":{"rendered":"JAUKTA MALT\u0100S GA\u013bAS MASA KG KGS"},"content":{"rendered":"<p>Izcelsmes valsts: Latvija<br \/>Uzglab.t. +0+4 Ra\u017eot\u0101js: Kurzemes Ga\u013csaimnieks SIA<\/p>\n","protected":false},"excerpt":{"rendered":"<p>5.29 \u20ac\/KG<\/p>\n","protected":false},"featured_media":56654,"template":"","meta":{"_acf_changed":false,"inline_featured_image":false},"product_cat":[135,190],"product_tag":[],"acf":[],"aioseo_notices":[],"_links":{"self":[{"href":"https:\/\/rezekne.citro.lv\/ru\/wp-json\/wp\/v2\/product\/56546"}],"collection":[{"href":"https:\/\/rezekne.citro.lv\/ru\/wp-json\/wp\/v2\/product"}],"about":[{"href":"https:\/\/rezekne.citro.lv\/ru\/wp-json\/wp\/v2\/types\/product"}],"wp:featuredmedia":[{"embeddable":true,"href":"https:\/\/rezekne.citro.lv\/ru\/wp-json\/wp\/v2\/media\/56654"}],"wp:attachment":[{"href":"https:\/\/rezekne.citro.lv\/ru\/wp-json\/wp\/v2\/media?parent=56546"}],"wp:term":[{"taxonomy":"product_cat","embeddable":true,"href":"https:\/\/rezekne.citro.lv\/ru\/wp-json\/wp\/v2\/product_cat?post=56546"},{"taxonomy":"product_tag","embeddable":true,"href":"https:\/\/rezekne.citro.lv\/ru\/wp-json\/wp\/v2\/product_tag?post=56546"}],"curies":[{"name":"wp","href":"https:\/\/api.w.org\/{rel}","templated":true}]}}