{"id":56752,"date":"2025-05-15T00:02:30","date_gmt":"2025-05-14T21:02:30","guid":{"rendered":"https:\/\/rezekne.citro.lv\/veikals\/udens-everests-negazets-0-5l\/"},"modified":"2026-05-15T06:00:51","modified_gmt":"2026-05-15T03:00:51","slug":"udens-everests-negazets-0-5l","status":"publish","type":"product","link":"https:\/\/rezekne.citro.lv\/ru\/product\/udens-everests-negazets-0-5l\/","title":{"rendered":"\u016aDENS EVERESTS NEG\u0100Z\u0112TS 0.5L"},"content":{"rendered":"<p>Izcelsmes valsts: Latvija<\/p>\n","protected":false},"excerpt":{"rendered":"<p>1.18 \u20ac\/L<\/p>\n","protected":false},"featured_media":56811,"template":"","meta":{"_acf_changed":false,"inline_featured_image":false},"product_cat":[106,186],"product_tag":[],"acf":[],"aioseo_notices":[],"_links":{"self":[{"href":"https:\/\/rezekne.citro.lv\/ru\/wp-json\/wp\/v2\/product\/56752"}],"collection":[{"href":"https:\/\/rezekne.citro.lv\/ru\/wp-json\/wp\/v2\/product"}],"about":[{"href":"https:\/\/rezekne.citro.lv\/ru\/wp-json\/wp\/v2\/types\/product"}],"wp:featuredmedia":[{"embeddable":true,"href":"https:\/\/rezekne.citro.lv\/ru\/wp-json\/wp\/v2\/media\/56811"}],"wp:attachment":[{"href":"https:\/\/rezekne.citro.lv\/ru\/wp-json\/wp\/v2\/media?parent=56752"}],"wp:term":[{"taxonomy":"product_cat","embeddable":true,"href":"https:\/\/rezekne.citro.lv\/ru\/wp-json\/wp\/v2\/product_cat?post=56752"},{"taxonomy":"product_tag","embeddable":true,"href":"https:\/\/rezekne.citro.lv\/ru\/wp-json\/wp\/v2\/product_tag?post=56752"}],"curies":[{"name":"wp","href":"https:\/\/api.w.org\/{rel}","templated":true}]}}