{"id":56787,"date":"2026-04-23T00:05:32","date_gmt":"2026-04-22T21:05:32","guid":{"rendered":"https:\/\/rezekne.citro.lv\/?post_type=product&#038;p=56787"},"modified":"2026-04-28T06:01:09","modified_gmt":"2026-04-28T03:01:09","slug":"dzeramais-udens-akvile-ar-citrona-garsu-viegli-gazets-15l","status":"publish","type":"product","link":"https:\/\/rezekne.citro.lv\/ru\/product\/dzeramais-udens-akvile-ar-citrona-garsu-viegli-gazets-15l\/","title":{"rendered":"DZERAMAIS \u016aDENS AKVILE AR CITRONA GAR\u0160U VIEGLI G\u0100Z\u0112TS 1,5L"},"content":{"rendered":"<p>Izcelsmes valsts: Lietuva<\/p>\n","protected":false},"excerpt":{"rendered":"<p>0.63 \u20ac\/L<\/p>\n","protected":false},"featured_media":58838,"template":"","meta":{"_acf_changed":false,"inline_featured_image":false},"product_cat":[106,186],"product_tag":[],"acf":[],"aioseo_notices":[],"_links":{"self":[{"href":"https:\/\/rezekne.citro.lv\/ru\/wp-json\/wp\/v2\/product\/56787"}],"collection":[{"href":"https:\/\/rezekne.citro.lv\/ru\/wp-json\/wp\/v2\/product"}],"about":[{"href":"https:\/\/rezekne.citro.lv\/ru\/wp-json\/wp\/v2\/types\/product"}],"wp:featuredmedia":[{"embeddable":true,"href":"https:\/\/rezekne.citro.lv\/ru\/wp-json\/wp\/v2\/media\/58838"}],"wp:attachment":[{"href":"https:\/\/rezekne.citro.lv\/ru\/wp-json\/wp\/v2\/media?parent=56787"}],"wp:term":[{"taxonomy":"product_cat","embeddable":true,"href":"https:\/\/rezekne.citro.lv\/ru\/wp-json\/wp\/v2\/product_cat?post=56787"},{"taxonomy":"product_tag","embeddable":true,"href":"https:\/\/rezekne.citro.lv\/ru\/wp-json\/wp\/v2\/product_tag?post=56787"}],"curies":[{"name":"wp","href":"https:\/\/api.w.org\/{rel}","templated":true}]}}