{"id":56788,"date":"2026-04-23T00:05:32","date_gmt":"2026-04-22T21:05:32","guid":{"rendered":"https:\/\/rezekne.citro.lv\/?post_type=product&#038;p=56788"},"modified":"2026-05-05T06:00:57","modified_gmt":"2026-05-05T03:00:57","slug":"udens-dzer-viegli-gazets-ar-laimas-smarzu-akvile-1-5l","status":"publish","type":"product","link":"https:\/\/rezekne.citro.lv\/ru\/product\/udens-dzer-viegli-gazets-ar-laimas-smarzu-akvile-1-5l\/","title":{"rendered":"\u016aDENS DZER.VIEGLI G\u0100Z\u0112TS AR LAIMAS SMAR\u017dU AKVILE 1.5L"},"content":{"rendered":"<p>Izcelsmes valsts: Lietuva<\/p>\n","protected":false},"excerpt":{"rendered":"<p>0.63 \u20ac\/L<\/p>\n","protected":false},"featured_media":58755,"template":"","meta":{"_acf_changed":false,"inline_featured_image":false},"product_cat":[106,186],"product_tag":[],"acf":[],"aioseo_notices":[],"_links":{"self":[{"href":"https:\/\/rezekne.citro.lv\/ru\/wp-json\/wp\/v2\/product\/56788"}],"collection":[{"href":"https:\/\/rezekne.citro.lv\/ru\/wp-json\/wp\/v2\/product"}],"about":[{"href":"https:\/\/rezekne.citro.lv\/ru\/wp-json\/wp\/v2\/types\/product"}],"wp:featuredmedia":[{"embeddable":true,"href":"https:\/\/rezekne.citro.lv\/ru\/wp-json\/wp\/v2\/media\/58755"}],"wp:attachment":[{"href":"https:\/\/rezekne.citro.lv\/ru\/wp-json\/wp\/v2\/media?parent=56788"}],"wp:term":[{"taxonomy":"product_cat","embeddable":true,"href":"https:\/\/rezekne.citro.lv\/ru\/wp-json\/wp\/v2\/product_cat?post=56788"},{"taxonomy":"product_tag","embeddable":true,"href":"https:\/\/rezekne.citro.lv\/ru\/wp-json\/wp\/v2\/product_tag?post=56788"}],"curies":[{"name":"wp","href":"https:\/\/api.w.org\/{rel}","templated":true}]}}