{"id":56790,"date":"2026-04-23T00:05:39","date_gmt":"2026-04-22T21:05:39","guid":{"rendered":"https:\/\/rezekne.citro.lv\/?post_type=product&#038;p=56790"},"modified":"2026-05-04T06:01:04","modified_gmt":"2026-05-04T03:01:04","slug":"udens-dzer-viegli-gazets-akvile-ar-sarkano-ogu-smarzu-1-5l","status":"publish","type":"product","link":"https:\/\/rezekne.citro.lv\/ru\/product\/udens-dzer-viegli-gazets-akvile-ar-sarkano-ogu-smarzu-1-5l\/","title":{"rendered":"\u016aDENS DZER.VIEGLI G\u0100Z\u0112TS AKVILE AR SARKANO OGU SMAR\u017dU 1.5L"},"content":{"rendered":"<p>Izcelsmes valsts: Lietuva<\/p>\n","protected":false},"excerpt":{"rendered":"<p>0.63 \u20ac\/L<\/p>\n","protected":false},"featured_media":58839,"template":"","meta":{"_acf_changed":false,"inline_featured_image":false},"product_cat":[106,186],"product_tag":[],"acf":[],"aioseo_notices":[],"_links":{"self":[{"href":"https:\/\/rezekne.citro.lv\/ru\/wp-json\/wp\/v2\/product\/56790"}],"collection":[{"href":"https:\/\/rezekne.citro.lv\/ru\/wp-json\/wp\/v2\/product"}],"about":[{"href":"https:\/\/rezekne.citro.lv\/ru\/wp-json\/wp\/v2\/types\/product"}],"wp:featuredmedia":[{"embeddable":true,"href":"https:\/\/rezekne.citro.lv\/ru\/wp-json\/wp\/v2\/media\/58839"}],"wp:attachment":[{"href":"https:\/\/rezekne.citro.lv\/ru\/wp-json\/wp\/v2\/media?parent=56790"}],"wp:term":[{"taxonomy":"product_cat","embeddable":true,"href":"https:\/\/rezekne.citro.lv\/ru\/wp-json\/wp\/v2\/product_cat?post=56790"},{"taxonomy":"product_tag","embeddable":true,"href":"https:\/\/rezekne.citro.lv\/ru\/wp-json\/wp\/v2\/product_tag?post=56790"}],"curies":[{"name":"wp","href":"https:\/\/api.w.org\/{rel}","templated":true}]}}