{"id":56841,"date":"2026-05-07T00:02:40","date_gmt":"2026-05-06T21:02:40","guid":{"rendered":"https:\/\/rezekne.citro.lv\/veikals\/calu-stilbi-a-kat-svaigi-fas-500g-kekava\/"},"modified":"2026-05-10T06:01:17","modified_gmt":"2026-05-10T03:01:17","slug":"calu-stilbi-a-kat-svaigi-fas-500g-kekava","status":"publish","type":"product","link":"https:\/\/rezekne.citro.lv\/ru\/product\/calu-stilbi-a-kat-svaigi-fas-500g-kekava\/","title":{"rendered":"C\u0100\u013bU STILBI A KAT.SVAIGI FAS.500G \u0136EKAVA"},"content":{"rendered":"<p>Izcelsmes valsts: Latvija<\/p>\n","protected":false},"excerpt":{"rendered":"<p>3.78 \u20ac\/KG<\/p>\n","protected":false},"featured_media":3846,"template":"","meta":{"_acf_changed":false,"inline_featured_image":false},"product_cat":[135,190],"product_tag":[],"acf":[],"aioseo_notices":[],"_links":{"self":[{"href":"https:\/\/rezekne.citro.lv\/ru\/wp-json\/wp\/v2\/product\/56841"}],"collection":[{"href":"https:\/\/rezekne.citro.lv\/ru\/wp-json\/wp\/v2\/product"}],"about":[{"href":"https:\/\/rezekne.citro.lv\/ru\/wp-json\/wp\/v2\/types\/product"}],"wp:featuredmedia":[{"embeddable":true,"href":"https:\/\/rezekne.citro.lv\/ru\/wp-json\/wp\/v2\/media\/3846"}],"wp:attachment":[{"href":"https:\/\/rezekne.citro.lv\/ru\/wp-json\/wp\/v2\/media?parent=56841"}],"wp:term":[{"taxonomy":"product_cat","embeddable":true,"href":"https:\/\/rezekne.citro.lv\/ru\/wp-json\/wp\/v2\/product_cat?post=56841"},{"taxonomy":"product_tag","embeddable":true,"href":"https:\/\/rezekne.citro.lv\/ru\/wp-json\/wp\/v2\/product_tag?post=56841"}],"curies":[{"name":"wp","href":"https:\/\/api.w.org\/{rel}","templated":true}]}}