{"id":56847,"date":"2025-11-06T00:30:06","date_gmt":"2025-11-05T22:30:06","guid":{"rendered":"https:\/\/rezekne.citro.lv\/veikals\/nudeles-i-n-sun-yan-ipasi-asa-garsacup-65g\/"},"modified":"2026-05-08T06:01:08","modified_gmt":"2026-05-08T03:01:08","slug":"nudeles-i-n-sun-yan-ipasi-asa-garsacup-65g","status":"publish","type":"product","link":"https:\/\/rezekne.citro.lv\/ru\/product\/nudeles-i-n-sun-yan-ipasi-asa-garsacup-65g\/","title":{"rendered":"N\u016aDELES I.N. SUN YAN \u012aPASI ASA GAR\u0160A,CUP 65G"},"content":{"rendered":"<p>Izcelsmes valsts: Lietuva<\/p>\n","protected":false},"excerpt":{"rendered":"<p>22.31 \u20ac\/KG<\/p>\n","protected":false},"featured_media":77054,"template":"","meta":{"_acf_changed":false,"inline_featured_image":false},"product_cat":[111,138],"product_tag":[],"acf":[],"aioseo_notices":[],"_links":{"self":[{"href":"https:\/\/rezekne.citro.lv\/ru\/wp-json\/wp\/v2\/product\/56847"}],"collection":[{"href":"https:\/\/rezekne.citro.lv\/ru\/wp-json\/wp\/v2\/product"}],"about":[{"href":"https:\/\/rezekne.citro.lv\/ru\/wp-json\/wp\/v2\/types\/product"}],"wp:featuredmedia":[{"embeddable":true,"href":"https:\/\/rezekne.citro.lv\/ru\/wp-json\/wp\/v2\/media\/77054"}],"wp:attachment":[{"href":"https:\/\/rezekne.citro.lv\/ru\/wp-json\/wp\/v2\/media?parent=56847"}],"wp:term":[{"taxonomy":"product_cat","embeddable":true,"href":"https:\/\/rezekne.citro.lv\/ru\/wp-json\/wp\/v2\/product_cat?post=56847"},{"taxonomy":"product_tag","embeddable":true,"href":"https:\/\/rezekne.citro.lv\/ru\/wp-json\/wp\/v2\/product_tag?post=56847"}],"curies":[{"name":"wp","href":"https:\/\/api.w.org\/{rel}","templated":true}]}}