{"id":56850,"date":"2026-02-26T00:04:17","date_gmt":"2026-02-25T22:04:17","guid":{"rendered":"https:\/\/rezekne.citro.lv\/veikals\/lipton-teja-pac-meza-ogu-34g\/"},"modified":"2026-02-26T00:04:20","modified_gmt":"2026-02-25T22:04:20","slug":"lipton-teja-pac-meza-ogu-34g","status":"publish","type":"product","link":"https:\/\/rezekne.citro.lv\/ru\/product\/lipton-teja-pac-meza-ogu-34g\/","title":{"rendered":"LIPTON T\u0112JA PAC. ME\u017dA OGU 20GAB"},"content":{"rendered":"<p>Izcelsmes valsts: Be\u013c\u0123ija<\/p>\n","protected":false},"excerpt":{"rendered":"<p>0.14 \u20ac\/GAB<\/p>\n","protected":false},"featured_media":56924,"template":"","meta":{"_acf_changed":false,"inline_featured_image":false},"product_cat":[142,143],"product_tag":[],"acf":[],"aioseo_notices":[],"_links":{"self":[{"href":"https:\/\/rezekne.citro.lv\/ru\/wp-json\/wp\/v2\/product\/56850"}],"collection":[{"href":"https:\/\/rezekne.citro.lv\/ru\/wp-json\/wp\/v2\/product"}],"about":[{"href":"https:\/\/rezekne.citro.lv\/ru\/wp-json\/wp\/v2\/types\/product"}],"wp:featuredmedia":[{"embeddable":true,"href":"https:\/\/rezekne.citro.lv\/ru\/wp-json\/wp\/v2\/media\/56924"}],"wp:attachment":[{"href":"https:\/\/rezekne.citro.lv\/ru\/wp-json\/wp\/v2\/media?parent=56850"}],"wp:term":[{"taxonomy":"product_cat","embeddable":true,"href":"https:\/\/rezekne.citro.lv\/ru\/wp-json\/wp\/v2\/product_cat?post=56850"},{"taxonomy":"product_tag","embeddable":true,"href":"https:\/\/rezekne.citro.lv\/ru\/wp-json\/wp\/v2\/product_tag?post=56850"}],"curies":[{"name":"wp","href":"https:\/\/api.w.org\/{rel}","templated":true}]}}