{"id":56852,"date":"2026-04-28T00:02:02","date_gmt":"2026-04-27T21:02:02","guid":{"rendered":"https:\/\/rezekne.citro.lv\/veikals\/desa-danu-salami-variti-kupinata-ar-sojas-un-piena-olb-kg-forevers\/"},"modified":"2026-05-05T06:00:49","modified_gmt":"2026-05-05T03:00:49","slug":"desa-danu-salami-variti-kupinata-ar-sojas-un-piena-olb-kg-forevers","status":"publish","type":"product","link":"https:\/\/rezekne.citro.lv\/ru\/product\/desa-danu-salami-variti-kupinata-ar-sojas-un-piena-olb-kg-forevers\/","title":{"rendered":"DESA D\u0100\u0145U SALAMI V\u0100R\u012aTI K\u016aPIN\u0100TA AR SOJAS UN PIENA OLB. KG FOREVERS"},"content":{"rendered":"<p>Izcelsmes valsts: Latvija<\/p>\n","protected":false},"excerpt":{"rendered":"<p>7.99 \u20ac\/KG<\/p>\n","protected":false},"featured_media":56926,"template":"","meta":{"_acf_changed":false,"inline_featured_image":false},"product_cat":[135,178],"product_tag":[],"acf":[],"aioseo_notices":[],"_links":{"self":[{"href":"https:\/\/rezekne.citro.lv\/ru\/wp-json\/wp\/v2\/product\/56852"}],"collection":[{"href":"https:\/\/rezekne.citro.lv\/ru\/wp-json\/wp\/v2\/product"}],"about":[{"href":"https:\/\/rezekne.citro.lv\/ru\/wp-json\/wp\/v2\/types\/product"}],"wp:featuredmedia":[{"embeddable":true,"href":"https:\/\/rezekne.citro.lv\/ru\/wp-json\/wp\/v2\/media\/56926"}],"wp:attachment":[{"href":"https:\/\/rezekne.citro.lv\/ru\/wp-json\/wp\/v2\/media?parent=56852"}],"wp:term":[{"taxonomy":"product_cat","embeddable":true,"href":"https:\/\/rezekne.citro.lv\/ru\/wp-json\/wp\/v2\/product_cat?post=56852"},{"taxonomy":"product_tag","embeddable":true,"href":"https:\/\/rezekne.citro.lv\/ru\/wp-json\/wp\/v2\/product_tag?post=56852"}],"curies":[{"name":"wp","href":"https:\/\/api.w.org\/{rel}","templated":true}]}}