{"id":56866,"date":"2026-05-07T00:02:40","date_gmt":"2026-05-06T21:02:40","guid":{"rendered":"https:\/\/rezekne.citro.lv\/veikals\/cipsi-adazu-ar-krejuma-un-locinu-garsu-draugu-paka-180g\/"},"modified":"2026-05-07T00:02:43","modified_gmt":"2026-05-06T21:02:43","slug":"cipsi-adazu-ar-krejuma-un-locinu-garsu-draugu-paka-180g","status":"publish","type":"product","link":"https:\/\/rezekne.citro.lv\/ru\/product\/cipsi-adazu-ar-krejuma-un-locinu-garsu-draugu-paka-180g\/","title":{"rendered":"\u010cIPSI \u0100DA\u017dU AR KR\u0112JUMA UN LOCI\u0145U GAR\u0160U DRAUGU PAKA 180G"},"content":{"rendered":"<p>Izcelsmes valsts: Latvija<\/p>\n","protected":false},"excerpt":{"rendered":"<p>12.72 \u20ac\/KG<\/p>\n","protected":false},"featured_media":56940,"template":"","meta":{"_acf_changed":false,"inline_featured_image":false},"product_cat":[125,191],"product_tag":[],"acf":[],"aioseo_notices":[],"_links":{"self":[{"href":"https:\/\/rezekne.citro.lv\/ru\/wp-json\/wp\/v2\/product\/56866"}],"collection":[{"href":"https:\/\/rezekne.citro.lv\/ru\/wp-json\/wp\/v2\/product"}],"about":[{"href":"https:\/\/rezekne.citro.lv\/ru\/wp-json\/wp\/v2\/types\/product"}],"wp:featuredmedia":[{"embeddable":true,"href":"https:\/\/rezekne.citro.lv\/ru\/wp-json\/wp\/v2\/media\/56940"}],"wp:attachment":[{"href":"https:\/\/rezekne.citro.lv\/ru\/wp-json\/wp\/v2\/media?parent=56866"}],"wp:term":[{"taxonomy":"product_cat","embeddable":true,"href":"https:\/\/rezekne.citro.lv\/ru\/wp-json\/wp\/v2\/product_cat?post=56866"},{"taxonomy":"product_tag","embeddable":true,"href":"https:\/\/rezekne.citro.lv\/ru\/wp-json\/wp\/v2\/product_tag?post=56866"}],"curies":[{"name":"wp","href":"https:\/\/api.w.org\/{rel}","templated":true}]}}