{"id":56867,"date":"2026-04-23T01:33:59","date_gmt":"2026-04-22T22:33:59","guid":{"rendered":"https:\/\/rezekne.citro.lv\/veikals\/cipsi-adazu-sasliks-un-grauzdeti-sipoli-draugu-paka-180g\/"},"modified":"2026-04-28T06:13:43","modified_gmt":"2026-04-28T03:13:43","slug":"cipsi-adazu-sasliks-un-grauzdeti-sipoli-draugu-paka-180g","status":"publish","type":"product","link":"https:\/\/rezekne.citro.lv\/ru\/product\/cipsi-adazu-sasliks-un-grauzdeti-sipoli-draugu-paka-180g\/","title":{"rendered":"\u010cIP\u0160I \u0100DA\u017dU \u0160A\u0160LIKS UN GRAUZD\u0112TI S\u012aPOLI DRAUGU PAKA 180G"},"content":{"rendered":"<p>Izcelsmes valsts: Latvija<\/p>\n","protected":false},"excerpt":{"rendered":"<p>10.83 \u20ac\/KG<\/p>\n","protected":false},"featured_media":56939,"template":"","meta":{"_acf_changed":false,"inline_featured_image":false},"product_cat":[125,191],"product_tag":[],"acf":[],"aioseo_notices":[],"_links":{"self":[{"href":"https:\/\/rezekne.citro.lv\/ru\/wp-json\/wp\/v2\/product\/56867"}],"collection":[{"href":"https:\/\/rezekne.citro.lv\/ru\/wp-json\/wp\/v2\/product"}],"about":[{"href":"https:\/\/rezekne.citro.lv\/ru\/wp-json\/wp\/v2\/types\/product"}],"wp:featuredmedia":[{"embeddable":true,"href":"https:\/\/rezekne.citro.lv\/ru\/wp-json\/wp\/v2\/media\/56939"}],"wp:attachment":[{"href":"https:\/\/rezekne.citro.lv\/ru\/wp-json\/wp\/v2\/media?parent=56867"}],"wp:term":[{"taxonomy":"product_cat","embeddable":true,"href":"https:\/\/rezekne.citro.lv\/ru\/wp-json\/wp\/v2\/product_cat?post=56867"},{"taxonomy":"product_tag","embeddable":true,"href":"https:\/\/rezekne.citro.lv\/ru\/wp-json\/wp\/v2\/product_tag?post=56867"}],"curies":[{"name":"wp","href":"https:\/\/api.w.org\/{rel}","templated":true}]}}