{"id":56885,"date":"2026-03-26T00:05:26","date_gmt":"2026-03-25T22:05:26","guid":{"rendered":"https:\/\/rezekne.citro.lv\/veikals\/sardeles-c-g-1kg-gpu-nakotne\/"},"modified":"2026-04-09T06:01:14","modified_gmt":"2026-04-09T03:01:14","slug":"sardeles-c-g-1kg-gpu-nakotne","status":"publish","type":"product","link":"https:\/\/rezekne.citro.lv\/ru\/product\/sardeles-c-g-1kg-gpu-nakotne\/","title":{"rendered":"SARDELES C\/G 1KG GPU N\u0100KOTNE"},"content":{"rendered":"<p>Izcelsmes valsts: Latvija<br \/>Ra\u017eot\u0101js Ga\u013cas p\u0101rstr\u0101des uz\u0146\u0113mums N\u0101kotne uzglab\u0101\u0161anas temp.+2-+6C<\/p>\n","protected":false},"excerpt":{"rendered":"<p>4.99 \u20ac\/KG<\/p>\n","protected":false},"featured_media":56956,"template":"","meta":{"_acf_changed":false,"inline_featured_image":false},"product_cat":[135,192],"product_tag":[],"acf":[],"aioseo_notices":[],"_links":{"self":[{"href":"https:\/\/rezekne.citro.lv\/ru\/wp-json\/wp\/v2\/product\/56885"}],"collection":[{"href":"https:\/\/rezekne.citro.lv\/ru\/wp-json\/wp\/v2\/product"}],"about":[{"href":"https:\/\/rezekne.citro.lv\/ru\/wp-json\/wp\/v2\/types\/product"}],"wp:featuredmedia":[{"embeddable":true,"href":"https:\/\/rezekne.citro.lv\/ru\/wp-json\/wp\/v2\/media\/56956"}],"wp:attachment":[{"href":"https:\/\/rezekne.citro.lv\/ru\/wp-json\/wp\/v2\/media?parent=56885"}],"wp:term":[{"taxonomy":"product_cat","embeddable":true,"href":"https:\/\/rezekne.citro.lv\/ru\/wp-json\/wp\/v2\/product_cat?post=56885"},{"taxonomy":"product_tag","embeddable":true,"href":"https:\/\/rezekne.citro.lv\/ru\/wp-json\/wp\/v2\/product_tag?post=56885"}],"curies":[{"name":"wp","href":"https:\/\/api.w.org\/{rel}","templated":true}]}}