{"id":56890,"date":"2026-04-23T00:05:16","date_gmt":"2026-04-22T21:05:16","guid":{"rendered":"https:\/\/rezekne.citro.lv\/?post_type=product&#038;p=56890"},"modified":"2026-04-29T06:01:11","modified_gmt":"2026-04-29T03:01:11","slug":"dzeriens-mangali-vitafruit-ar-citrona-laima-g-neg-1-5l","status":"publish","type":"product","link":"https:\/\/rezekne.citro.lv\/ru\/product\/dzeriens-mangali-vitafruit-ar-citrona-laima-g-neg-1-5l\/","title":{"rendered":"DZ\u0112RIENS MANGA\u013bI VITAFRUIT AR CITRONA-LAIMA GAR\u0160U NEG. 1.5L"},"content":{"rendered":"<p>Izcelsmes valsts: Latvija<\/p>\n","protected":false},"excerpt":{"rendered":"<p>0.66 \u20ac\/L<\/p>\n","protected":false},"featured_media":57819,"template":"","meta":{"_acf_changed":false,"inline_featured_image":false},"product_cat":[106,186],"product_tag":[],"acf":[],"aioseo_notices":[],"_links":{"self":[{"href":"https:\/\/rezekne.citro.lv\/ru\/wp-json\/wp\/v2\/product\/56890"}],"collection":[{"href":"https:\/\/rezekne.citro.lv\/ru\/wp-json\/wp\/v2\/product"}],"about":[{"href":"https:\/\/rezekne.citro.lv\/ru\/wp-json\/wp\/v2\/types\/product"}],"wp:featuredmedia":[{"embeddable":true,"href":"https:\/\/rezekne.citro.lv\/ru\/wp-json\/wp\/v2\/media\/57819"}],"wp:attachment":[{"href":"https:\/\/rezekne.citro.lv\/ru\/wp-json\/wp\/v2\/media?parent=56890"}],"wp:term":[{"taxonomy":"product_cat","embeddable":true,"href":"https:\/\/rezekne.citro.lv\/ru\/wp-json\/wp\/v2\/product_cat?post=56890"},{"taxonomy":"product_tag","embeddable":true,"href":"https:\/\/rezekne.citro.lv\/ru\/wp-json\/wp\/v2\/product_tag?post=56890"}],"curies":[{"name":"wp","href":"https:\/\/api.w.org\/{rel}","templated":true}]}}