{"id":56893,"date":"2026-05-07T00:02:34","date_gmt":"2026-05-06T21:02:34","guid":{"rendered":"https:\/\/rezekne.citro.lv\/veikals\/latvijasm-tostermaize-kraukskiga-500g\/"},"modified":"2026-05-16T06:01:18","modified_gmt":"2026-05-16T03:01:18","slug":"latvijasm-tostermaize-kraukskiga-500g","status":"publish","type":"product","link":"https:\/\/rezekne.citro.lv\/ru\/product\/latvijasm-tostermaize-kraukskiga-500g\/","title":{"rendered":"LATVIJASM TOSTERMAIZE KRAUK\u0160\u0136\u012aG\u0100 500G"},"content":{"rendered":"<p>Izcelsmes valsts: Latvija<\/p>\n","protected":false},"excerpt":{"rendered":"<p>2.98 \u20ac\/KG<\/p>\n","protected":false},"featured_media":78470,"template":"","meta":{"_acf_changed":false,"inline_featured_image":false},"product_cat":[215,216],"product_tag":[],"acf":[],"aioseo_notices":[],"_links":{"self":[{"href":"https:\/\/rezekne.citro.lv\/ru\/wp-json\/wp\/v2\/product\/56893"}],"collection":[{"href":"https:\/\/rezekne.citro.lv\/ru\/wp-json\/wp\/v2\/product"}],"about":[{"href":"https:\/\/rezekne.citro.lv\/ru\/wp-json\/wp\/v2\/types\/product"}],"wp:featuredmedia":[{"embeddable":true,"href":"https:\/\/rezekne.citro.lv\/ru\/wp-json\/wp\/v2\/media\/78470"}],"wp:attachment":[{"href":"https:\/\/rezekne.citro.lv\/ru\/wp-json\/wp\/v2\/media?parent=56893"}],"wp:term":[{"taxonomy":"product_cat","embeddable":true,"href":"https:\/\/rezekne.citro.lv\/ru\/wp-json\/wp\/v2\/product_cat?post=56893"},{"taxonomy":"product_tag","embeddable":true,"href":"https:\/\/rezekne.citro.lv\/ru\/wp-json\/wp\/v2\/product_tag?post=56893"}],"curies":[{"name":"wp","href":"https:\/\/api.w.org\/{rel}","templated":true}]}}