{"id":56894,"date":"2026-04-23T00:05:16","date_gmt":"2026-04-22T21:05:16","guid":{"rendered":"https:\/\/rezekne.citro.lv\/veikals\/cipsi-adazu-ar-krejuma-sipolu-garsu-draugu-paka-180g\/"},"modified":"2026-04-23T06:01:04","modified_gmt":"2026-04-23T03:01:04","slug":"cipsi-adazu-ar-krejuma-sipolu-garsu-draugu-paka-180g","status":"publish","type":"product","link":"https:\/\/rezekne.citro.lv\/ru\/product\/cipsi-adazu-ar-krejuma-sipolu-garsu-draugu-paka-180g\/","title":{"rendered":"\u010cIPSI \u0100DA\u017dU AR KR\u0112JUMA S\u012aPOLU GAR\u0160U DRAUGU PAKA 180G"},"content":{"rendered":"<p>Izcelsmes valsts: Latvija<\/p>\n","protected":false},"excerpt":{"rendered":"<p>10.83 \u20ac\/KG<\/p>\n","protected":false},"featured_media":65972,"template":"","meta":{"_acf_changed":false,"inline_featured_image":false},"product_cat":[125,191],"product_tag":[],"acf":[],"aioseo_notices":[],"_links":{"self":[{"href":"https:\/\/rezekne.citro.lv\/ru\/wp-json\/wp\/v2\/product\/56894"}],"collection":[{"href":"https:\/\/rezekne.citro.lv\/ru\/wp-json\/wp\/v2\/product"}],"about":[{"href":"https:\/\/rezekne.citro.lv\/ru\/wp-json\/wp\/v2\/types\/product"}],"wp:featuredmedia":[{"embeddable":true,"href":"https:\/\/rezekne.citro.lv\/ru\/wp-json\/wp\/v2\/media\/65972"}],"wp:attachment":[{"href":"https:\/\/rezekne.citro.lv\/ru\/wp-json\/wp\/v2\/media?parent=56894"}],"wp:term":[{"taxonomy":"product_cat","embeddable":true,"href":"https:\/\/rezekne.citro.lv\/ru\/wp-json\/wp\/v2\/product_cat?post=56894"},{"taxonomy":"product_tag","embeddable":true,"href":"https:\/\/rezekne.citro.lv\/ru\/wp-json\/wp\/v2\/product_tag?post=56894"}],"curies":[{"name":"wp","href":"https:\/\/api.w.org\/{rel}","templated":true}]}}