{"id":56901,"date":"2026-02-26T00:04:30","date_gmt":"2026-02-25T22:04:30","guid":{"rendered":"https:\/\/rezekne.citro.lv\/veikals\/lipton-py-lemon-mandarinu-apelsinu-zala-teja-20tm\/"},"modified":"2026-03-21T06:02:15","modified_gmt":"2026-03-21T04:02:15","slug":"lipton-py-lemon-mandarinu-apelsinu-zala-teja-20tm","status":"publish","type":"product","link":"https:\/\/rezekne.citro.lv\/ru\/product\/lipton-py-lemon-mandarinu-apelsinu-zala-teja-20tm\/","title":{"rendered":"LIPTON PY LEMON MANDAR\u012aNU\/APELS\u012aNU ZA\u013b\u0100 T\u0112JA 20TM"},"content":{"rendered":"<p>Izcelsmes valsts: Be\u013c\u0123ija<\/p>\n","protected":false},"excerpt":{"rendered":"<p>Izcelsmes valsts: Be\u013c\u0123ija<\/p>\n","protected":false},"featured_media":56971,"template":"","meta":{"_acf_changed":false,"inline_featured_image":false},"product_cat":[142,143],"product_tag":[],"acf":[],"aioseo_notices":[],"_links":{"self":[{"href":"https:\/\/rezekne.citro.lv\/ru\/wp-json\/wp\/v2\/product\/56901"}],"collection":[{"href":"https:\/\/rezekne.citro.lv\/ru\/wp-json\/wp\/v2\/product"}],"about":[{"href":"https:\/\/rezekne.citro.lv\/ru\/wp-json\/wp\/v2\/types\/product"}],"wp:featuredmedia":[{"embeddable":true,"href":"https:\/\/rezekne.citro.lv\/ru\/wp-json\/wp\/v2\/media\/56971"}],"wp:attachment":[{"href":"https:\/\/rezekne.citro.lv\/ru\/wp-json\/wp\/v2\/media?parent=56901"}],"wp:term":[{"taxonomy":"product_cat","embeddable":true,"href":"https:\/\/rezekne.citro.lv\/ru\/wp-json\/wp\/v2\/product_cat?post=56901"},{"taxonomy":"product_tag","embeddable":true,"href":"https:\/\/rezekne.citro.lv\/ru\/wp-json\/wp\/v2\/product_tag?post=56901"}],"curies":[{"name":"wp","href":"https:\/\/api.w.org\/{rel}","templated":true}]}}